{"id":3199,"date":"2026-01-11T18:41:52","date_gmt":"2026-01-11T17:41:52","guid":{"rendered":"https:\/\/bachanaliafantastyczne.pl\/?post_type=product&#038;p=3199"},"modified":"2026-03-11T18:46:15","modified_gmt":"2026-03-11T17:46:15","slug":"wsparcie-klubu-1-zl","status":"publish","type":"product","link":"https:\/\/bachanaliafantastyczne.pl\/index.php\/produkt\/wsparcie-klubu-1-zl\/","title":{"rendered":"Wsparcie Klubu 1 z\u0142"},"content":{"rendered":"<p>Cegie\u0142ka wspieraj\u0105ca <strong>Zielonog\u00f3rski Klub Fantastyki \u201eAd Astra\u201d <\/strong>o warto\u015bci 1 z\u0142.<\/p>\n","protected":false},"excerpt":{"rendered":"<p>Ciegie\u0142ka wspieraj\u0105ca <strong>Zielonog\u00f3rski Klub Fantastyki \u201eAd Astra\u201d&nbsp;<\/strong>o warto\u015bci 1 z\u0142<\/p>\n","protected":false},"featured_media":3200,"template":"","meta":{"ngg_post_thumbnail":0},"product_brand":[],"product_cat":[42],"product_tag":[],"class_list":{"0":"post-3199","1":"product","2":"type-product","3":"status-publish","4":"has-post-thumbnail","6":"product_cat-wsparcie","8":"first","9":"instock","10":"virtual","11":"sold-individually","12":"purchasable","13":"product-type-simple"},"_links":{"self":[{"href":"https:\/\/bachanaliafantastyczne.pl\/index.php\/wp-json\/wp\/v2\/product\/3199","targetHints":{"allow":["GET"]}}],"collection":[{"href":"https:\/\/bachanaliafantastyczne.pl\/index.php\/wp-json\/wp\/v2\/product"}],"about":[{"href":"https:\/\/bachanaliafantastyczne.pl\/index.php\/wp-json\/wp\/v2\/types\/product"}],"wp:featuredmedia":[{"embeddable":true,"href":"https:\/\/bachanaliafantastyczne.pl\/index.php\/wp-json\/wp\/v2\/media\/3200"}],"wp:attachment":[{"href":"https:\/\/bachanaliafantastyczne.pl\/index.php\/wp-json\/wp\/v2\/media?parent=3199"}],"wp:term":[{"taxonomy":"product_brand","embeddable":true,"href":"https:\/\/bachanaliafantastyczne.pl\/index.php\/wp-json\/wp\/v2\/product_brand?post=3199"},{"taxonomy":"product_cat","embeddable":true,"href":"https:\/\/bachanaliafantastyczne.pl\/index.php\/wp-json\/wp\/v2\/product_cat?post=3199"},{"taxonomy":"product_tag","embeddable":true,"href":"https:\/\/bachanaliafantastyczne.pl\/index.php\/wp-json\/wp\/v2\/product_tag?post=3199"}],"curies":[{"name":"wp","href":"https:\/\/api.w.org\/{rel}","templated":true}]}}