{"id":2458,"date":"2024-12-12T15:58:11","date_gmt":"2024-12-12T14:58:11","guid":{"rendered":"https:\/\/bachanaliafantastyczne.pl\/?post_type=product&#038;p=2458"},"modified":"2024-12-12T16:13:46","modified_gmt":"2024-12-12T15:13:46","slug":"fantazje-zielonogorskie-i","status":"publish","type":"product","link":"https:\/\/bachanaliafantastyczne.pl\/index.php\/produkt\/fantazje-zielonogorskie-i\/","title":{"rendered":"Fantazje Zielonog\u00f3rskie I"},"content":{"rendered":"<h3 class=\"wp-block-heading\">Tom I<\/h3>\n<div class=\"wp-block-image\">\n<figure class=\"alignright size-full\"><img fetchpriority=\"high\" decoding=\"async\" class=\"wp-image-63\" src=\"https:\/\/fantazje.adastra.zgora.pl\/wp-content\/uploads\/2020\/04\/fz1.gif\" alt=\"\" width=\"200\" height=\"284\"><\/figure>\n<\/div>\n<p>&nbsp;<\/p>\n<p>Wiosn\u0105 2011 r. Zielonog\u00f3rski Klub Fantastyki Ad Astra og\u0142osi\u0142 og\u00f3lnopolski konkurs literacki na opowiadanie fantastyczne o tematyce zielonog\u00f3rskiej. Nap\u0142yn\u0119\u0142o 40 prac z ca\u0142ego kraju. Wyboru dokona\u0142o jury w sk\u0142adzie: dr Bogdan Trocha (Uniwersytet Zielonog\u00f3rski), Krzysztof Kozio\u0142ek (pisarz) i Maciej Dobrowolski (Gazeta Lubuska). Spo\u015br\u00f3d ponad 40 nades\u0142anych z ca\u0142ej Polski prac w ksi\u0105\u017cce znalaz\u0142y si\u0119 nast\u0119puj\u0105ce utwory:<\/p>\n<ul>\n<li>Monika Glibowska \u201e\u015amier\u0107 zielonego jokera\u201d<\/li>\n<li>Magdalena Herbert \u201eDziedzictwo\u201d<\/li>\n<li>Ma\u0142gorzata Kobylak (utw\u00f3r bez tytu\u0142u)<\/li>\n<li>Czes\u0142aw Markiewicz \u201eJask\u00f3\u0142cza \u2013 Ogrodowa Brunatny zapach kamfory\u201d<\/li>\n<li>Igor Myszkiewicz \u201eBezpowrotnie\u201d<\/li>\n<li>Robert Narkun \u201eDziedzictwo Beuchelta\u201d<\/li>\n<li>Micha\u0142 Organi\u015bciak \u201ePradzieje G\u00f3ry Zielonej\u201d<\/li>\n<li>Konrad Rataj \u201eNie jestem st\u0105d\u201d<\/li>\n<li>Alfred Siatecki \u201eB\u0119dzie koniec \u015bwiata w Gr\u00fcnbergu\u201d<\/li>\n<li>S\u0142awek Stawarczyk \u201ePodr\u00f3\u017c\u201d<\/li>\n<li>Andrzej Janion \u201eBa\u015b\u0144 o starym winie\u201d \u2013 fragment dramatu o powstaniu miasta Zielonej G\u00f3ry<\/li>\n<\/ul>\n<p>Nagrod\u0119 Grand Prix zdoby\u0142o opowiadanie Ma\u0142gorzaty Kobylak&nbsp;<a href=\"http:\/\/fantazje.adastra.zgora.pl\/wp-content\/uploads\/sites\/2\/2020\/04\/Malgorzata-Kobylak-bez-tytulu.pdf\">(przeczytaj opowiadanie)<\/a>.<\/p>\n<p>Projekt ok\u0142adki i ilustracje do umieszczonych w antologii utwor\u00f3w wykona\u0142 Igor Myszkiewicz.<\/p>\n<p>Zamieszczone w tomie opowiadania reprezentuj\u0105 pe\u0142n\u0105 palet\u0119 konwencji szeroko rozumianej fantastyki \u2013 od klasycznej science fiction, fantasy, horroru a\u017c po realizm magiczny.<\/p>\n<p>Ksi\u0105\u017ck\u0119 wydano przy wsp\u00f3\u0142pracy Fabryki Reklamy IBI i Galerii Tw\u00f3rc\u00f3w Galera.<\/p>\n","protected":false},"excerpt":{"rendered":"<p>Tom I &nbsp; Wiosn\u0105 2011 r. Zielonog\u00f3rski Klub Fantastyki Ad Astra og\u0142osi\u0142 og\u00f3lnopolski konkurs literacki na opowiadanie fantastyczne o tematyce zielonog\u00f3rskiej. Nap\u0142yn\u0119\u0142o 40 prac z ca\u0142ego kraju. Wyboru dokona\u0142o jury w sk\u0142adzie: dr Bogdan Trocha (Uniwersytet Zielonog\u00f3rski), Krzysztof Kozio\u0142ek (pisarz) i Maciej Dobrowolski (Gazeta Lubuska). Spo\u015br\u00f3d ponad 40 nades\u0142anych z ca\u0142ej Polski prac w ksi\u0105\u017cce znalaz\u0142y si\u0119 nast\u0119puj\u0105ce utwory: Monika Glibowska \u201e\u015amier\u0107 zielonego jokera\u201d Magdalena Herbert \u201eDziedzictwo\u201d Ma\u0142gorzata Kobylak (utw\u00f3r bez tytu\u0142u) Czes\u0142aw Markiewicz \u201eJask\u00f3\u0142cza \u2013 Ogrodowa Brunatny zapach kamfory\u201d Igor Myszkiewicz \u201eBezpowrotnie\u201d Robert Narkun \u201eDziedzictwo Beuchelta\u201d Micha\u0142 Organi\u015bciak \u201ePradzieje G\u00f3ry Zielonej\u201d Konrad Rataj \u201eNie jestem st\u0105d\u201d Alfred Siatecki \u201eB\u0119dzie koniec \u015bwiata w Gr\u00fcnbergu\u201d S\u0142awek Stawarczyk \u201ePodr\u00f3\u017c\u201d Andrzej Janion \u201eBa\u015b\u0144 o starym winie\u201d \u2013 fragment dramatu o powstaniu miasta Zielonej G\u00f3ry Nagrod\u0119 Grand Prix zdoby\u0142o opowiadanie Ma\u0142gorzaty Kobylak&nbsp;(przeczytaj opowiadanie). Projekt ok\u0142adki i ilustracje do umieszczonych w antologii utwor\u00f3w wykona\u0142 Igor Myszkiewicz. Zamieszczone w tomie opowiadania reprezentuj\u0105 pe\u0142n\u0105 palet\u0119 konwencji szeroko rozumianej fantastyki \u2013 od klasycznej science fiction, fantasy, horroru a\u017c po realizm magiczny. Ksi\u0105\u017ck\u0119 wydano przy wsp\u00f3\u0142pracy Fabryki Reklamy IBI i Galerii Tw\u00f3rc\u00f3w Galera.<\/p>\n","protected":false},"featured_media":2460,"template":"","meta":{"ngg_post_thumbnail":0},"product_brand":[],"product_cat":[35],"product_tag":[],"class_list":{"0":"post-2458","1":"product","2":"type-product","3":"status-publish","4":"has-post-thumbnail","6":"product_cat-antologie","8":"first","9":"outofstock","10":"shipping-taxable","11":"product-type-simple"},"_links":{"self":[{"href":"https:\/\/bachanaliafantastyczne.pl\/index.php\/wp-json\/wp\/v2\/product\/2458","targetHints":{"allow":["GET"]}}],"collection":[{"href":"https:\/\/bachanaliafantastyczne.pl\/index.php\/wp-json\/wp\/v2\/product"}],"about":[{"href":"https:\/\/bachanaliafantastyczne.pl\/index.php\/wp-json\/wp\/v2\/types\/product"}],"wp:featuredmedia":[{"embeddable":true,"href":"https:\/\/bachanaliafantastyczne.pl\/index.php\/wp-json\/wp\/v2\/media\/2460"}],"wp:attachment":[{"href":"https:\/\/bachanaliafantastyczne.pl\/index.php\/wp-json\/wp\/v2\/media?parent=2458"}],"wp:term":[{"taxonomy":"product_brand","embeddable":true,"href":"https:\/\/bachanaliafantastyczne.pl\/index.php\/wp-json\/wp\/v2\/product_brand?post=2458"},{"taxonomy":"product_cat","embeddable":true,"href":"https:\/\/bachanaliafantastyczne.pl\/index.php\/wp-json\/wp\/v2\/product_cat?post=2458"},{"taxonomy":"product_tag","embeddable":true,"href":"https:\/\/bachanaliafantastyczne.pl\/index.php\/wp-json\/wp\/v2\/product_tag?post=2458"}],"curies":[{"name":"wp","href":"https:\/\/api.w.org\/{rel}","templated":true}]}}