{"id":2436,"date":"2024-12-12T15:37:33","date_gmt":"2024-12-12T14:37:33","guid":{"rendered":"https:\/\/bachanaliafantastyczne.pl\/?post_type=product&#038;p=2436"},"modified":"2024-12-12T16:18:54","modified_gmt":"2024-12-12T15:18:54","slug":"fantazje-zielonogorskie-xi-2","status":"publish","type":"product","link":"https:\/\/bachanaliafantastyczne.pl\/index.php\/produkt\/fantazje-zielonogorskie-xi-2\/","title":{"rendered":"Fantazje Zielonog\u00f3rskie X"},"content":{"rendered":"<p>W roku 2020 odby\u0142a si\u0119 dziesi\u0105ta z kolei edycja konkursu, kt\u00f3rej efektem by\u0142 kolejny tom antologii. Tym razem w jury zasiedli: Igor Myszkiewicz, Waldemar Gruszczy\u0144ski, Maciej Dobrowolski, Zbigniew Kulczycki oraz Arkadiusz Soba\u0144ski. Redakcji tomu dokona\u0142 Maciej Dobrowolski, korekty Arlena A. \u0141obodzi\u0144ska, sk\u0142adu Mamert Janion, a ilustracje wykona\u0142 Igor Myszkiewicz.&nbsp;<\/p>\n<p>Zawarto\u015b\u0107 tomu:&nbsp;<\/p>\n<ul>\n<li>Anna K\u0142odnicka \u201eMury\u201d<\/li>\n<li>Micha\u0142 Figo\u0144 \u201eProces Margarety\u201d<\/li>\n<li>Iwo Buller \u201eSkosztuj krwi Bachusa\u201d<\/li>\n<li>Micha\u0142 Puchalski \u201eSpectrum hominis\u201d<\/li>\n<li>Dariusz W\u0119grzyniak\u202f\u201eWcielona\u201d<\/li>\n<li>Tomasz Golis \u201eMiasto, magia, minotaur\u201d<\/li>\n<li>Miros\u0142aw Kuleba \u201eLindeberger\u201d<\/li>\n<li>Przemek Morawski \u201eBezduch\u201d<\/li>\n<li>Wojciech \u015awierczek \u201ePod cienk\u0105 sk\u00f3r\u0105 ziemi\u201d\u202f&nbsp;<\/li>\n<li>Roland Hensoldt \u201eS\u0142owa, kt\u00f3re obudzi\u0142y wampira\u201d<\/li>\n<li>Wiktor Or\u0142owski \u201eMiasto zielonego nieba\u201d<\/li>\n<li>Micha\u0142 Rybi\u0144ski \u201ePlac zabaw\u201d<\/li>\n<li>Micha\u0142 Kulus \u201eRobcio\u201d&nbsp;<\/li>\n<\/ul>\n<p>Nagrod\u0119 Grand Prix zdoby\u0142o opowiadanie Micha\u0142a Rybi\u0144skiego \u2013 \u201ePlac zabaw\u201d. Natomiast opowiadanie \u201eMury\u201d autorstwa Anny K\u0142odnickiej, \u201eMiasto, magia, minotaur\u201d\u202fnades\u0142ane przez Tomasza Golisa oraz \u201eS\u0142owa, kt\u00f3re obudzi\u0142y wampira\u201d spod pi\u00f3ra Rolanda Hensoldta uhonorowane zosta\u0142y Nagrodami Kapitu\u0142y.&nbsp;<\/p>\n<p>Ksi\u0105\u017ck\u0119 wydano przy wsp\u00f3\u0142pracy Fabryki Reklamy SANDMEDIA i Galerii Tw\u00f3rc\u00f3w Galera.&nbsp;<\/p>\n<p>Zrealizowano przy pomocy finansowej Miasta Zielona G\u00f3ra.<\/p>\n","protected":false},"excerpt":{"rendered":"<p>W roku 2020 odby\u0142a si\u0119 dziesi\u0105ta z kolei edycja konkursu, kt\u00f3rej efektem by\u0142 kolejny tom antologii. Tym razem w jury zasiedli: Igor Myszkiewicz, Waldemar Gruszczy\u0144ski, Maciej Dobrowolski, Zbigniew Kulczycki oraz Arkadiusz Soba\u0144ski. Redakcji tomu dokona\u0142 Maciej Dobrowolski, korekty Arlena A. \u0141obodzi\u0144ska, sk\u0142adu Mamert Janion, a ilustracje wykona\u0142 Igor Myszkiewicz.&nbsp; Zawarto\u015b\u0107 tomu:&nbsp; Anna K\u0142odnicka \u201eMury\u201d Micha\u0142 Figo\u0144 \u201eProces Margarety\u201d Iwo Buller \u201eSkosztuj krwi Bachusa\u201d Micha\u0142 Puchalski \u201eSpectrum hominis\u201d Dariusz W\u0119grzyniak\u202f\u201eWcielona\u201d Tomasz Golis \u201eMiasto, magia, minotaur\u201d Miros\u0142aw Kuleba \u201eLindeberger\u201d Przemek Morawski \u201eBezduch\u201d Wojciech \u015awierczek \u201ePod cienk\u0105 sk\u00f3r\u0105 ziemi\u201d\u202f&nbsp; Roland Hensoldt \u201eS\u0142owa, kt\u00f3re obudzi\u0142y wampira\u201d Wiktor Or\u0142owski \u201eMiasto zielonego nieba\u201d Micha\u0142 Rybi\u0144ski \u201ePlac zabaw\u201d Micha\u0142 Kulus \u201eRobcio\u201d&nbsp; Nagrod\u0119 Grand Prix zdoby\u0142o opowiadanie Micha\u0142a Rybi\u0144skiego \u2013 \u201ePlac zabaw\u201d. Natomiast opowiadanie \u201eMury\u201d autorstwa Anny K\u0142odnickiej, \u201eMiasto, magia, minotaur\u201d\u202fnades\u0142ane przez Tomasza Golisa oraz \u201eS\u0142owa, kt\u00f3re obudzi\u0142y wampira\u201d spod pi\u00f3ra Rolanda Hensoldta uhonorowane zosta\u0142y Nagrodami Kapitu\u0142y.&nbsp; Ksi\u0105\u017ck\u0119 wydano przy wsp\u00f3\u0142pracy Fabryki Reklamy SANDMEDIA i Galerii Tw\u00f3rc\u00f3w Galera.&nbsp; Zrealizowano przy pomocy finansowej Miasta Zielona G\u00f3ra.<\/p>\n","protected":false},"featured_media":2469,"template":"","meta":{"ngg_post_thumbnail":0},"product_brand":[],"product_cat":[35],"product_tag":[],"class_list":{"0":"post-2436","1":"product","2":"type-product","3":"status-publish","4":"has-post-thumbnail","6":"product_cat-antologie","8":"first","9":"instock","10":"shipping-taxable","11":"purchasable","12":"product-type-simple"},"_links":{"self":[{"href":"https:\/\/bachanaliafantastyczne.pl\/index.php\/wp-json\/wp\/v2\/product\/2436","targetHints":{"allow":["GET"]}}],"collection":[{"href":"https:\/\/bachanaliafantastyczne.pl\/index.php\/wp-json\/wp\/v2\/product"}],"about":[{"href":"https:\/\/bachanaliafantastyczne.pl\/index.php\/wp-json\/wp\/v2\/types\/product"}],"wp:featuredmedia":[{"embeddable":true,"href":"https:\/\/bachanaliafantastyczne.pl\/index.php\/wp-json\/wp\/v2\/media\/2469"}],"wp:attachment":[{"href":"https:\/\/bachanaliafantastyczne.pl\/index.php\/wp-json\/wp\/v2\/media?parent=2436"}],"wp:term":[{"taxonomy":"product_brand","embeddable":true,"href":"https:\/\/bachanaliafantastyczne.pl\/index.php\/wp-json\/wp\/v2\/product_brand?post=2436"},{"taxonomy":"product_cat","embeddable":true,"href":"https:\/\/bachanaliafantastyczne.pl\/index.php\/wp-json\/wp\/v2\/product_cat?post=2436"},{"taxonomy":"product_tag","embeddable":true,"href":"https:\/\/bachanaliafantastyczne.pl\/index.php\/wp-json\/wp\/v2\/product_tag?post=2436"}],"curies":[{"name":"wp","href":"https:\/\/api.w.org\/{rel}","templated":true}]}}