{"id":2434,"date":"2024-12-12T15:36:13","date_gmt":"2024-12-12T14:36:13","guid":{"rendered":"https:\/\/bachanaliafantastyczne.pl\/?post_type=product&#038;p=2434"},"modified":"2024-12-12T16:20:03","modified_gmt":"2024-12-12T15:20:03","slug":"fantazje-zielonogorskie-xi","status":"publish","type":"product","link":"https:\/\/bachanaliafantastyczne.pl\/index.php\/produkt\/fantazje-zielonogorskie-xi\/","title":{"rendered":"Fantazje Zielonog\u00f3rskie XI"},"content":{"rendered":"<p>W roku 2021 odby\u0142a si\u0119 jedenasta z kolei edycja konkursu, kt\u00f3rej efektem by\u0142 kolejny tom antologii. Tym razem w jury zasiedli: Igor Myszkiewicz, Waldemar Gruszczy\u0144ski, Maciej Dobrowolski, Zbigniew Kulczycki oraz Arkadiusz Soba\u0144ski. Redakcji tomu dokona\u0142 Maciej Dobrowolski, korekty Arlena A. \u0141obodzi\u0144ska, sk\u0142adu Mamert Janion, a ilustracje wykona\u0142 Igor Myszkiewicz.&nbsp;<\/p>\n<p>Zawarto\u015b\u0107 tomu:&nbsp;<\/p>\n<ul>\n<li>Micha\u0142 Soboci\u0144ski \u201eCudzy przede mn\u0105&nbsp;\u201d<\/li>\n<li>Adam Raglan \u201eWampir Gr\u00fcnbergu\u201d<\/li>\n<li>Kamila Szmigiel \u201eEne mene&nbsp;\u201d<\/li>\n<li>Micha\u0142 Wyzga \u201eGr\u00fcnberg 1945\u201d<\/li>\n<li>Marcin Opolski\u202f\u201eTego nie ma\u201d<\/li>\n<li>Micha\u0142 Figo\u0144&nbsp;\u201eKoci Spleen\u201d<\/li>\n<li>Tomasz Ciasto\u0144 \u201eLipowe Wzg\u00f3rze\u201d<\/li>\n<li>Andrzej Sienkiewicz \u201eHallo Houston, tu Zielona G\u00f3ra\u201d<\/li>\n<li>Mieczys\u0142aw Bonis\u0142awski \u201eN\u0119dzne nadzieje\u201d<\/li>\n<li>Katarzyna Kami\u0144ska \u201eMa\u0142y kosmos\u201d<\/li>\n<\/ul>\n<p>Micha\u0142 Wyzga swoim opowiadaniem \u201eGr\u00fcnberg 1945\u201d wygra\u0142 XI edycj\u0119 konkursu i zdoby\u0142 nagrod\u0119 Grand Prix! Opr\u00f3cz wy\u0142onienia zwyci\u0119zcy kapitu\u0142a przyzna\u0142a wyr\u00f3\u017cnienia dw\u00f3m innym pracom, kt\u00f3re jej zdaniem zaprezentowa\u0142y bardzo wysoki poziom: \u201eTego nie ma\u201d autorstwa Marcina Opolskiego oraz \u201eKoci Spleen\u201d od Micha\u0142a Figonia.<\/p>\n<p>Ksi\u0105\u017ck\u0119 wydano przy wsp\u00f3\u0142pracy Fabryki Reklamy SANDMEDIA i Galerii Tw\u00f3rc\u00f3w Galera.&nbsp;<\/p>\n<p>Zrealizowano przy pomocy finansowej Miasta Zielona G\u00f3ra.<\/p>\n","protected":false},"excerpt":{"rendered":"<p>W roku 2021 odby\u0142a si\u0119 jedenasta z kolei edycja konkursu, kt\u00f3rej efektem by\u0142 kolejny tom antologii. Tym razem w jury zasiedli: Igor Myszkiewicz, Waldemar Gruszczy\u0144ski, Maciej Dobrowolski, Zbigniew Kulczycki oraz Arkadiusz Soba\u0144ski. Redakcji tomu dokona\u0142 Maciej Dobrowolski, korekty Arlena A. \u0141obodzi\u0144ska, sk\u0142adu Mamert Janion, a ilustracje wykona\u0142 Igor Myszkiewicz.&nbsp; Zawarto\u015b\u0107 tomu:&nbsp; Micha\u0142 Soboci\u0144ski \u201eCudzy przede mn\u0105&nbsp;\u201d Adam Raglan \u201eWampir Gr\u00fcnbergu\u201d Kamila Szmigiel \u201eEne mene&nbsp;\u201d Micha\u0142 Wyzga \u201eGr\u00fcnberg 1945\u201d Marcin Opolski\u202f\u201eTego nie ma\u201d Micha\u0142 Figo\u0144&nbsp;\u201eKoci Spleen\u201d Tomasz Ciasto\u0144 \u201eLipowe Wzg\u00f3rze\u201d Andrzej Sienkiewicz \u201eHallo Houston, tu Zielona G\u00f3ra\u201d Mieczys\u0142aw Bonis\u0142awski \u201eN\u0119dzne nadzieje\u201d Katarzyna Kami\u0144ska \u201eMa\u0142y kosmos\u201d Micha\u0142 Wyzga swoim opowiadaniem \u201eGr\u00fcnberg 1945\u201d wygra\u0142 XI edycj\u0119 konkursu i zdoby\u0142 nagrod\u0119 Grand Prix! Opr\u00f3cz wy\u0142onienia zwyci\u0119zcy kapitu\u0142a przyzna\u0142a wyr\u00f3\u017cnienia dw\u00f3m innym pracom, kt\u00f3re jej zdaniem zaprezentowa\u0142y bardzo wysoki poziom: \u201eTego nie ma\u201d autorstwa Marcina Opolskiego oraz \u201eKoci Spleen\u201d od Micha\u0142a Figonia. Ksi\u0105\u017ck\u0119 wydano przy wsp\u00f3\u0142pracy Fabryki Reklamy SANDMEDIA i Galerii Tw\u00f3rc\u00f3w Galera.&nbsp; Zrealizowano przy pomocy finansowej Miasta Zielona G\u00f3ra.<\/p>\n","protected":false},"featured_media":2471,"template":"","meta":{"ngg_post_thumbnail":0},"product_brand":[],"product_cat":[35],"product_tag":[],"class_list":{"0":"post-2434","1":"product","2":"type-product","3":"status-publish","4":"has-post-thumbnail","6":"product_cat-antologie","8":"first","9":"instock","10":"shipping-taxable","11":"purchasable","12":"product-type-simple"},"_links":{"self":[{"href":"https:\/\/bachanaliafantastyczne.pl\/index.php\/wp-json\/wp\/v2\/product\/2434","targetHints":{"allow":["GET"]}}],"collection":[{"href":"https:\/\/bachanaliafantastyczne.pl\/index.php\/wp-json\/wp\/v2\/product"}],"about":[{"href":"https:\/\/bachanaliafantastyczne.pl\/index.php\/wp-json\/wp\/v2\/types\/product"}],"wp:featuredmedia":[{"embeddable":true,"href":"https:\/\/bachanaliafantastyczne.pl\/index.php\/wp-json\/wp\/v2\/media\/2471"}],"wp:attachment":[{"href":"https:\/\/bachanaliafantastyczne.pl\/index.php\/wp-json\/wp\/v2\/media?parent=2434"}],"wp:term":[{"taxonomy":"product_brand","embeddable":true,"href":"https:\/\/bachanaliafantastyczne.pl\/index.php\/wp-json\/wp\/v2\/product_brand?post=2434"},{"taxonomy":"product_cat","embeddable":true,"href":"https:\/\/bachanaliafantastyczne.pl\/index.php\/wp-json\/wp\/v2\/product_cat?post=2434"},{"taxonomy":"product_tag","embeddable":true,"href":"https:\/\/bachanaliafantastyczne.pl\/index.php\/wp-json\/wp\/v2\/product_tag?post=2434"}],"curies":[{"name":"wp","href":"https:\/\/api.w.org\/{rel}","templated":true}]}}