{"id":2862,"date":"2025-09-09T22:12:47","date_gmt":"2025-09-09T20:12:47","guid":{"rendered":"https:\/\/bachanaliafantastyczne.pl\/?page_id=2862"},"modified":"2026-02-12T19:01:31","modified_gmt":"2026-02-12T18:01:31","slug":"noclegi","status":"publish","type":"page","link":"https:\/\/bachanaliafantastyczne.pl\/index.php\/noclegi\/","title":{"rendered":"NOCLEGI"},"content":{"rendered":"\t\t<div data-elementor-type=\"wp-page\" data-elementor-id=\"2862\" class=\"elementor elementor-2862\">\n\t\t\t\t\t\t<section class=\"elementor-section elementor-top-section elementor-element elementor-element-4e9c493 elementor-section-boxed elementor-section-height-default elementor-section-height-default wpr-particle-no wpr-jarallax-no wpr-parallax-no wpr-sticky-section-no wpr-equal-height-no\" data-id=\"4e9c493\" data-element_type=\"section\" data-e-type=\"section\">\n\t\t\t\t\t\t<div class=\"elementor-container elementor-column-gap-default\">\n\t\t\t\t\t<div class=\"elementor-column elementor-col-100 elementor-top-column elementor-element elementor-element-efa7025\" data-id=\"efa7025\" data-element_type=\"column\" data-e-type=\"column\">\n\t\t\t<div class=\"elementor-widget-wrap elementor-element-populated\">\n\t\t\t\t\t\t<div class=\"elementor-element elementor-element-d75e486 elementor-widget elementor-widget-text-editor\" data-id=\"d75e486\" data-element_type=\"widget\" data-e-type=\"widget\" data-widget_type=\"text-editor.default\">\n\t\t\t\t<div class=\"elementor-widget-container\">\n\t\t\t\t\t\t\t\t\t<h5>Dzi\u0119ki uprzejmo\u015bci naszego partnera, Uniwersytetu Zielonog\u00f3rskiego mo\u017cesz spa\u0107 na terenie konwentu!!!<\/h5><h5>B\u0119dziemy mieli do zaoferowania noclegi w przyst\u0119pnych cenach w akademikach UZ.\u00a0<br \/><br \/>Szczeg\u00f3\u0142y podamy wkr\u00f3tce, ilo\u015b\u0107 miejsc b\u0119dzie ograniczona.<\/h5>\t\t\t\t\t\t\t\t<\/div>\n\t\t\t\t<\/div>\n\t\t\t\t\t<\/div>\n\t\t<\/div>\n\t\t\t\t\t<\/div>\n\t\t<\/section>\n\t\t\t\t<\/div>\n\t\t","protected":false},"excerpt":{"rendered":"<p>Dzi\u0119ki uprzejmo\u015bci naszego partnera, Uniwersytetu Zielonog\u00f3rskiego mo\u017cesz spa\u0107 na terenie konwentu!!! B\u0119dziemy mieli do zaoferowania noclegi w przyst\u0119pnych cenach w akademikach UZ.\u00a0 Szczeg\u00f3\u0142y podamy wkr\u00f3tce, ilo\u015b\u0107 miejsc b\u0119dzie ograniczona.<\/p>\n","protected":false},"author":1,"featured_media":0,"parent":0,"menu_order":0,"comment_status":"closed","ping_status":"closed","template":"","meta":{"ngg_post_thumbnail":0,"footnotes":""},"class_list":["post-2862","page","type-page","status-publish","hentry"],"_links":{"self":[{"href":"https:\/\/bachanaliafantastyczne.pl\/index.php\/wp-json\/wp\/v2\/pages\/2862","targetHints":{"allow":["GET"]}}],"collection":[{"href":"https:\/\/bachanaliafantastyczne.pl\/index.php\/wp-json\/wp\/v2\/pages"}],"about":[{"href":"https:\/\/bachanaliafantastyczne.pl\/index.php\/wp-json\/wp\/v2\/types\/page"}],"author":[{"embeddable":true,"href":"https:\/\/bachanaliafantastyczne.pl\/index.php\/wp-json\/wp\/v2\/users\/1"}],"replies":[{"embeddable":true,"href":"https:\/\/bachanaliafantastyczne.pl\/index.php\/wp-json\/wp\/v2\/comments?post=2862"}],"version-history":[{"count":7,"href":"https:\/\/bachanaliafantastyczne.pl\/index.php\/wp-json\/wp\/v2\/pages\/2862\/revisions"}],"predecessor-version":[{"id":3169,"href":"https:\/\/bachanaliafantastyczne.pl\/index.php\/wp-json\/wp\/v2\/pages\/2862\/revisions\/3169"}],"wp:attachment":[{"href":"https:\/\/bachanaliafantastyczne.pl\/index.php\/wp-json\/wp\/v2\/media?parent=2862"}],"curies":[{"name":"wp","href":"https:\/\/api.w.org\/{rel}","templated":true}]}}