{"id":1422,"date":"2023-06-25T20:48:55","date_gmt":"2023-06-25T18:48:55","guid":{"rendered":"https:\/\/bachanaliafantastyczne.pl\/?page_id=1422"},"modified":"2026-02-12T18:20:35","modified_gmt":"2026-02-12T17:20:35","slug":"czas-i-miejsce","status":"publish","type":"page","link":"https:\/\/bachanaliafantastyczne.pl\/index.php\/czas-i-miejsce\/","title":{"rendered":"CZAS I MIEJSCE"},"content":{"rendered":"\t\t<div data-elementor-type=\"wp-page\" data-elementor-id=\"1422\" class=\"elementor elementor-1422\">\n\t\t\t\t\t\t<section class=\"elementor-section elementor-top-section elementor-element elementor-element-1ea9243 elementor-section-boxed elementor-section-height-default elementor-section-height-default wpr-particle-no wpr-jarallax-no wpr-parallax-no wpr-sticky-section-no wpr-equal-height-no\" data-id=\"1ea9243\" data-element_type=\"section\" data-e-type=\"section\">\n\t\t\t\t\t\t<div class=\"elementor-container elementor-column-gap-default\">\n\t\t\t\t\t<div class=\"elementor-column elementor-col-100 elementor-top-column elementor-element elementor-element-6d86fa4\" data-id=\"6d86fa4\" data-element_type=\"column\" data-e-type=\"column\">\n\t\t\t<div class=\"elementor-widget-wrap elementor-element-populated\">\n\t\t\t\t\t\t<div class=\"elementor-element elementor-element-1a58ec9 elementor-widget elementor-widget-text-editor\" data-id=\"1a58ec9\" data-element_type=\"widget\" data-e-type=\"widget\" data-widget_type=\"text-editor.default\">\n\t\t\t\t<div class=\"elementor-widget-container\">\n\t\t\t\t\t\t\t\t\t<p>40. Og\u00f3lnopolski Festiwal Mi\u0142o\u015bnik\u00f3w Fantastyki BACHANALIA FANTASTYCZNE odb\u0119dzie si\u0119 w dniach 25-27 wrze\u015bnia 2026 r. na terenie Uniwersytetu Zielonog\u00f3rskiego (w skr\u00f3cie UZ), kampus B przy al. Wojska Polskiego 69 w Zielonej G\u00f3rze.<\/p>\t\t\t\t\t\t\t\t<\/div>\n\t\t\t\t<\/div>\n\t\t\t\t\t<\/div>\n\t\t<\/div>\n\t\t\t\t\t<\/div>\n\t\t<\/section>\n\t\t\t\t<section class=\"elementor-section elementor-top-section elementor-element elementor-element-ca1027d elementor-section-boxed elementor-section-height-default elementor-section-height-default wpr-particle-no wpr-jarallax-no wpr-parallax-no wpr-sticky-section-no wpr-equal-height-no\" data-id=\"ca1027d\" data-element_type=\"section\" data-e-type=\"section\">\n\t\t\t\t\t\t<div class=\"elementor-container elementor-column-gap-default\">\n\t\t\t\t\t<div class=\"elementor-column elementor-col-100 elementor-top-column elementor-element elementor-element-35a976e\" data-id=\"35a976e\" data-element_type=\"column\" data-e-type=\"column\">\n\t\t\t<div class=\"elementor-widget-wrap elementor-element-populated\">\n\t\t\t\t\t\t<div class=\"elementor-element elementor-element-47b33a8 elementor-widget elementor-widget-google_maps\" data-id=\"47b33a8\" data-element_type=\"widget\" data-e-type=\"widget\" data-widget_type=\"google_maps.default\">\n\t\t\t\t<div class=\"elementor-widget-container\">\n\t\t\t\t\t\t\t<div class=\"elementor-custom-embed\">\n\t\t\t<iframe loading=\"lazy\"\n\t\t\t\t\tsrc=\"https:\/\/maps.google.com\/maps?q=Wojska%20Polskiego%2069%2C%20Zielona%20G%C3%B3ra%2C%20Poland&#038;t=m&#038;z=17&#038;output=embed&#038;iwloc=near\"\n\t\t\t\t\ttitle=\"Wojska Polskiego 69, Zielona G\u00f3ra, Poland\"\n\t\t\t\t\taria-label=\"Wojska Polskiego 69, Zielona G\u00f3ra, Poland\"\n\t\t\t><\/iframe>\n\t\t<\/div>\n\t\t\t\t\t\t<\/div>\n\t\t\t\t<\/div>\n\t\t\t\t\t<\/div>\n\t\t<\/div>\n\t\t\t\t\t<\/div>\n\t\t<\/section>\n\t\t\t\t<section class=\"elementor-section elementor-top-section elementor-element elementor-element-dd64f75 elementor-section-boxed elementor-section-height-default elementor-section-height-default wpr-particle-no wpr-jarallax-no wpr-parallax-no wpr-sticky-section-no wpr-equal-height-no\" data-id=\"dd64f75\" data-element_type=\"section\" data-e-type=\"section\">\n\t\t\t\t\t\t<div class=\"elementor-container elementor-column-gap-default\">\n\t\t\t\t\t<div class=\"elementor-column elementor-col-100 elementor-top-column elementor-element elementor-element-d1013d3\" data-id=\"d1013d3\" data-element_type=\"column\" data-e-type=\"column\">\n\t\t\t<div class=\"elementor-widget-wrap elementor-element-populated\">\n\t\t\t\t\t\t<div class=\"elementor-element elementor-element-99a95db elementor-widget elementor-widget-text-editor\" data-id=\"99a95db\" data-element_type=\"widget\" data-e-type=\"widget\" data-widget_type=\"text-editor.default\">\n\t\t\t\t<div class=\"elementor-widget-container\">\n\t\t\t\t\t\t\t\t\t<p>1Wej\u015bcie na Bachanalia Fantastyczne jest p\u0142atne i upowa\u017cnia do tego kupiona wcze\u015bniej lub na miejscu konwentu wej\u015bci\u00f3wka. Ka\u017cdy uczestnik otrzyma specjaln\u0105 opask\u0119 (r\u00f3\u017cnie oznaczon\u0105 w zale\u017cno\u015bci od wykupionej akredytacji).<\/p><p>Budynek konwentu otwarty b\u0119dzie dla Was w pi\u0105tek od godz. 14.00. W sobot\u0119 i niedziel\u0119 zapraszamy od godz. 9.30. Pi\u0105tek i sobot\u0119 ko\u0144czymy w knajpie konwentowej, wi\u0119c do godz. 20.00 musimy opu\u015bci\u0107 budynek UZ.<\/p><p>Dojazd na BFy<br \/>Zielona G\u00f3ra jest jedn\u0105 ze stolic wojew\u00f3dztwa lubuskiego, dojazd do nas nie jest wi\u0119c zbytnio skomplikowany. Mo\u017cna dojecha\u0107 do nas na kilka sposob\u00f3w:<\/p><p>POCI\u0104GIEM\u00a0<br \/>Aktualne po\u0142\u0105czenia z Zielon\u0105 G\u00f3r\u0105 najlepiej sprawdzi\u0107 na stronie przewo\u017anika. Kursuj\u0105 tu poci\u0105gi o uroczych nazwach \u201cBachus\u201d oraz \u201cZielonog\u00f3rzanin\u201d (je\u015bli komu\u015b uda si\u0119 powiedzie\u0107 obie nazwy szybko 5 razy w sobotni wiecz\u00f3r w knajpie konwentowej, zdob\u0119dzie talon!)<\/p><p>AUTOBUSEM<br \/>Najlepiej aktualne po\u0142\u0105czenia sprawdzi\u0107 na stronie przewo\u017anika. Do Zielonej G\u00f3ry kursuje tak\u017ce FlixBus.\u00a0<\/p><p>SAMOCHODEM<br \/>Do Zielonej G\u00f3ry dojedziecie autem nawet ze wschodnich rubie\u017cy naszego kraju, chocia\u017c trwa\u0107 to mo\u017ce wiele wiele wiele godzin. Nie ma problemu z parkingiem na miejscu, poniewa\u017c na terenie Uniwersytetu Zielonog\u00f3rskiego jest kilka parking\u00f3w, kt\u00f3re s\u0105 bezp\u0142atnie udost\u0119pnione uczestnikom Bachanali\u00f3w Fantastycznych.\u00a0<\/p><p>SAMOLOTEM\u00a0<br \/>Port lotniczy Zielona G\u00f3ra znajduje si\u0119 w Babimo\u015bcie (miejscowo\u015b\u0107 34 km od Zielonej G\u00f3ry). Dojazd do miasta nie jest problemem, poniewa\u017c z lotniska w Babimo\u015bcie do dworca PKS w Zielonej G\u00f3rze kursuj\u0105 specjalne autobusy. Aktualnie mo\u017cliwe s\u0105 loty krajowe do\/z Warszawy, Krakowa i Gda\u0144ska oraz zagraniczne (chocia\u017c nie wiemy po co Wam ta wiedza) do\/z Zadaru, Egiptu i Turcji.\u00a0<\/p><p>Po Zielonej G\u00f3rze mo\u017cna porusza\u0107 si\u0119 komunikacj\u0105 miejsk\u0105 (tylko autobusy, nie mamy tu tramwaj\u00f3w, nie to co Wroc\u0142aw). Aktualny rozk\u0142ad jazdy znajdziecie na stronie Miejskiego Zak\u0142adu Komunikacji (https:\/\/www.mzk.zgora.pl). Do miejsca, gdzie odbywaj\u0105 si\u0119 Bachanalia Fantastyczne dojedziecie z Dworca liniami 5, 12, 26 (po\u0142\u0105czenia bezpo\u015brednie, wysiadacie wtedy na przystanku Uniwersytet Zielonog\u00f3rski Campus B) lub liniami 0, 8 (wysiadacie wtedy na przystanku Wojska Polskiego i kawa\u0142ek trzeba podej\u015b\u0107, ale te linie kursuj\u0105 najcz\u0119\u015bciej).1<\/p>\t\t\t\t\t\t\t\t<\/div>\n\t\t\t\t<\/div>\n\t\t\t\t\t<\/div>\n\t\t<\/div>\n\t\t\t\t\t<\/div>\n\t\t<\/section>\n\t\t\t\t<section class=\"elementor-section elementor-top-section elementor-element elementor-element-5bae61d elementor-section-boxed elementor-section-height-default elementor-section-height-default wpr-particle-no wpr-jarallax-no wpr-parallax-no wpr-sticky-section-no wpr-equal-height-no\" data-id=\"5bae61d\" data-element_type=\"section\" data-e-type=\"section\">\n\t\t\t\t\t\t<div class=\"elementor-container elementor-column-gap-default\">\n\t\t\t\t\t<div class=\"elementor-column elementor-col-100 elementor-top-column elementor-element elementor-element-9296960\" data-id=\"9296960\" data-element_type=\"column\" data-e-type=\"column\">\n\t\t\t<div class=\"elementor-widget-wrap\">\n\t\t\t\t\t\t\t<\/div>\n\t\t<\/div>\n\t\t\t\t\t<\/div>\n\t\t<\/section>\n\t\t\t\t<section class=\"elementor-section elementor-top-section elementor-element elementor-element-873ea81 elementor-section-boxed elementor-section-height-default elementor-section-height-default wpr-particle-no wpr-jarallax-no wpr-parallax-no wpr-sticky-section-no wpr-equal-height-no\" data-id=\"873ea81\" data-element_type=\"section\" data-e-type=\"section\">\n\t\t\t\t\t\t<div class=\"elementor-container elementor-column-gap-default\">\n\t\t\t\t\t<div class=\"elementor-column elementor-col-100 elementor-top-column elementor-element elementor-element-9085523\" data-id=\"9085523\" data-element_type=\"column\" data-e-type=\"column\">\n\t\t\t<div class=\"elementor-widget-wrap\">\n\t\t\t\t\t\t\t<\/div>\n\t\t<\/div>\n\t\t\t\t\t<\/div>\n\t\t<\/section>\n\t\t\t\t<section class=\"elementor-section elementor-top-section elementor-element elementor-element-d96551d elementor-section-boxed elementor-section-height-default elementor-section-height-default wpr-particle-no wpr-jarallax-no wpr-parallax-no wpr-sticky-section-no wpr-equal-height-no\" data-id=\"d96551d\" data-element_type=\"section\" data-e-type=\"section\">\n\t\t\t\t\t\t<div class=\"elementor-container elementor-column-gap-default\">\n\t\t\t\t\t<div class=\"elementor-column elementor-col-100 elementor-top-column elementor-element elementor-element-27b4902\" data-id=\"27b4902\" data-element_type=\"column\" data-e-type=\"column\">\n\t\t\t<div class=\"elementor-widget-wrap\">\n\t\t\t\t\t\t\t<\/div>\n\t\t<\/div>\n\t\t\t\t\t<\/div>\n\t\t<\/section>\n\t\t\t\t<section class=\"elementor-section elementor-top-section elementor-element elementor-element-5b9f413 elementor-section-boxed elementor-section-height-default elementor-section-height-default wpr-particle-no wpr-jarallax-no wpr-parallax-no wpr-sticky-section-no wpr-equal-height-no\" data-id=\"5b9f413\" data-element_type=\"section\" data-e-type=\"section\">\n\t\t\t\t\t\t<div class=\"elementor-container elementor-column-gap-default\">\n\t\t\t\t\t<div class=\"elementor-column elementor-col-100 elementor-top-column elementor-element elementor-element-f1f4386\" data-id=\"f1f4386\" data-element_type=\"column\" data-e-type=\"column\">\n\t\t\t<div class=\"elementor-widget-wrap elementor-element-populated\">\n\t\t\t\t\t\t<div class=\"elementor-element elementor-element-e25c799 elementor-widget elementor-widget-image\" data-id=\"e25c799\" data-element_type=\"widget\" data-e-type=\"widget\" data-widget_type=\"image.default\">\n\t\t\t\t<div class=\"elementor-widget-container\">\n\t\t\t\t\t\t\t\t\t\t\t\t\t\t\t<img fetchpriority=\"high\" decoding=\"async\" width=\"724\" height=\"1024\" src=\"https:\/\/bachanaliafantastyczne.pl\/wp-content\/uploads\/2024\/09\/Kampus_B_BF24-DRUK_page-0001-724x1024.jpg\" class=\"attachment-large size-large wp-image-2369\" alt=\"\" srcset=\"https:\/\/bachanaliafantastyczne.pl\/wp-content\/uploads\/2024\/09\/Kampus_B_BF24-DRUK_page-0001-724x1024.jpg 724w, https:\/\/bachanaliafantastyczne.pl\/wp-content\/uploads\/2024\/09\/Kampus_B_BF24-DRUK_page-0001-212x300.jpg 212w, https:\/\/bachanaliafantastyczne.pl\/wp-content\/uploads\/2024\/09\/Kampus_B_BF24-DRUK_page-0001-768x1086.jpg 768w, https:\/\/bachanaliafantastyczne.pl\/wp-content\/uploads\/2024\/09\/Kampus_B_BF24-DRUK_page-0001-1086x1536.jpg 1086w, https:\/\/bachanaliafantastyczne.pl\/wp-content\/uploads\/2024\/09\/Kampus_B_BF24-DRUK_page-0001-1448x2048.jpg 1448w, https:\/\/bachanaliafantastyczne.pl\/wp-content\/uploads\/2024\/09\/Kampus_B_BF24-DRUK_page-0001-1140x1612.jpg 1140w, https:\/\/bachanaliafantastyczne.pl\/wp-content\/uploads\/2024\/09\/Kampus_B_BF24-DRUK_page-0001-600x848.jpg 600w, https:\/\/bachanaliafantastyczne.pl\/wp-content\/uploads\/2024\/09\/Kampus_B_BF24-DRUK_page-0001-scaled.jpg 1811w\" sizes=\"(max-width: 724px) 100vw, 724px\" \/>\t\t\t\t\t\t\t\t\t\t\t\t\t\t\t<\/div>\n\t\t\t\t<\/div>\n\t\t\t\t\t<\/div>\n\t\t<\/div>\n\t\t\t\t\t<\/div>\n\t\t<\/section>\n\t\t\t\t<section class=\"elementor-section elementor-top-section elementor-element elementor-element-d73a90c elementor-section-boxed elementor-section-height-default elementor-section-height-default wpr-particle-no wpr-jarallax-no wpr-parallax-no wpr-sticky-section-no wpr-equal-height-no\" data-id=\"d73a90c\" data-element_type=\"section\" data-e-type=\"section\">\n\t\t\t\t\t\t<div class=\"elementor-container elementor-column-gap-default\">\n\t\t\t\t\t<div class=\"elementor-column elementor-col-100 elementor-top-column elementor-element elementor-element-7d81647\" data-id=\"7d81647\" data-element_type=\"column\" data-e-type=\"column\">\n\t\t\t<div class=\"elementor-widget-wrap\">\n\t\t\t\t\t\t\t<\/div>\n\t\t<\/div>\n\t\t\t\t\t<\/div>\n\t\t<\/section>\n\t\t\t\t<\/div>\n\t\t","protected":false},"excerpt":{"rendered":"<p>40. Og\u00f3lnopolski Festiwal Mi\u0142o\u015bnik\u00f3w Fantastyki BACHANALIA FANTASTYCZNE odb\u0119dzie si\u0119 w dniach 25-27 wrze\u015bnia 2026 r. na terenie Uniwersytetu Zielonog\u00f3rskiego (w skr\u00f3cie UZ), kampus B przy al. Wojska Polskiego 69 w Zielonej G\u00f3rze. 1Wej\u015bcie na Bachanalia Fantastyczne jest p\u0142atne i upowa\u017cnia do tego kupiona wcze\u015bniej lub na miejscu konwentu wej\u015bci\u00f3wka. Ka\u017cdy uczestnik otrzyma specjaln\u0105 opask\u0119 (r\u00f3\u017cnie oznaczon\u0105 w zale\u017cno\u015bci od wykupionej akredytacji). Budynek konwentu otwarty b\u0119dzie dla Was w pi\u0105tek od godz. 14.00. W sobot\u0119 i niedziel\u0119 zapraszamy od godz. 9.30. Pi\u0105tek i sobot\u0119 ko\u0144czymy w knajpie konwentowej, wi\u0119c do godz. 20.00 musimy opu\u015bci\u0107 budynek UZ. Dojazd na BFyZielona G\u00f3ra jest jedn\u0105 ze stolic wojew\u00f3dztwa lubuskiego, dojazd do nas nie jest wi\u0119c zbytnio skomplikowany. Mo\u017cna dojecha\u0107 do nas na kilka sposob\u00f3w: POCI\u0104GIEM\u00a0Aktualne po\u0142\u0105czenia z Zielon\u0105 G\u00f3r\u0105 najlepiej sprawdzi\u0107 na stronie przewo\u017anika. Kursuj\u0105 tu poci\u0105gi o uroczych nazwach \u201cBachus\u201d oraz \u201cZielonog\u00f3rzanin\u201d (je\u015bli komu\u015b uda si\u0119 powiedzie\u0107 obie nazwy szybko 5 razy w sobotni wiecz\u00f3r w knajpie konwentowej, zdob\u0119dzie talon!) AUTOBUSEMNajlepiej aktualne po\u0142\u0105czenia sprawdzi\u0107 na stronie przewo\u017anika. Do Zielonej G\u00f3ry kursuje tak\u017ce FlixBus.\u00a0 SAMOCHODEMDo Zielonej G\u00f3ry dojedziecie autem nawet ze wschodnich rubie\u017cy naszego kraju, chocia\u017c trwa\u0107 to mo\u017ce wiele wiele wiele godzin. Nie ma problemu z parkingiem na miejscu, poniewa\u017c na terenie Uniwersytetu Zielonog\u00f3rskiego jest kilka parking\u00f3w, kt\u00f3re s\u0105 bezp\u0142atnie udost\u0119pnione uczestnikom Bachanali\u00f3w Fantastycznych.\u00a0 SAMOLOTEM\u00a0Port lotniczy Zielona G\u00f3ra znajduje si\u0119 w Babimo\u015bcie (miejscowo\u015b\u0107 34 km od Zielonej G\u00f3ry). Dojazd do miasta nie jest problemem, poniewa\u017c z lotniska w Babimo\u015bcie do dworca PKS w Zielonej G\u00f3rze kursuj\u0105 specjalne autobusy. Aktualnie mo\u017cliwe s\u0105 loty krajowe do\/z Warszawy, Krakowa i Gda\u0144ska oraz zagraniczne (chocia\u017c nie wiemy po co Wam ta wiedza) do\/z Zadaru, Egiptu i Turcji.\u00a0 Po Zielonej G\u00f3rze mo\u017cna porusza\u0107 si\u0119 komunikacj\u0105 miejsk\u0105 (tylko autobusy, nie mamy tu tramwaj\u00f3w, nie to co Wroc\u0142aw). Aktualny rozk\u0142ad jazdy znajdziecie na stronie Miejskiego Zak\u0142adu Komunikacji (https:\/\/www.mzk.zgora.pl). Do miejsca, gdzie odbywaj\u0105 si\u0119 Bachanalia Fantastyczne dojedziecie z Dworca liniami 5, 12, 26 (po\u0142\u0105czenia bezpo\u015brednie, wysiadacie wtedy na przystanku Uniwersytet Zielonog\u00f3rski Campus B) lub liniami 0, 8 (wysiadacie wtedy na przystanku Wojska Polskiego i kawa\u0142ek trzeba podej\u015b\u0107, ale te linie kursuj\u0105 najcz\u0119\u015bciej).1<\/p>\n","protected":false},"author":1,"featured_media":0,"parent":0,"menu_order":0,"comment_status":"closed","ping_status":"closed","template":"","meta":{"ngg_post_thumbnail":0,"footnotes":""},"class_list":["post-1422","page","type-page","status-publish","hentry"],"_links":{"self":[{"href":"https:\/\/bachanaliafantastyczne.pl\/index.php\/wp-json\/wp\/v2\/pages\/1422","targetHints":{"allow":["GET"]}}],"collection":[{"href":"https:\/\/bachanaliafantastyczne.pl\/index.php\/wp-json\/wp\/v2\/pages"}],"about":[{"href":"https:\/\/bachanaliafantastyczne.pl\/index.php\/wp-json\/wp\/v2\/types\/page"}],"author":[{"embeddable":true,"href":"https:\/\/bachanaliafantastyczne.pl\/index.php\/wp-json\/wp\/v2\/users\/1"}],"replies":[{"embeddable":true,"href":"https:\/\/bachanaliafantastyczne.pl\/index.php\/wp-json\/wp\/v2\/comments?post=1422"}],"version-history":[{"count":34,"href":"https:\/\/bachanaliafantastyczne.pl\/index.php\/wp-json\/wp\/v2\/pages\/1422\/revisions"}],"predecessor-version":[{"id":3159,"href":"https:\/\/bachanaliafantastyczne.pl\/index.php\/wp-json\/wp\/v2\/pages\/1422\/revisions\/3159"}],"wp:attachment":[{"href":"https:\/\/bachanaliafantastyczne.pl\/index.php\/wp-json\/wp\/v2\/media?parent=1422"}],"curies":[{"name":"wp","href":"https:\/\/api.w.org\/{rel}","templated":true}]}}