{"id":1421,"date":"2023-06-25T20:48:55","date_gmt":"2023-06-25T18:48:55","guid":{"rendered":"https:\/\/bachanaliafantastyczne.pl\/?page_id=1421"},"modified":"2024-07-12T09:04:39","modified_gmt":"2024-07-12T07:04:39","slug":"organizator","status":"publish","type":"page","link":"https:\/\/bachanaliafantastyczne.pl\/index.php\/organizator\/","title":{"rendered":"ORGANIZATOR"},"content":{"rendered":"\t\t<div data-elementor-type=\"wp-page\" data-elementor-id=\"1421\" class=\"elementor elementor-1421\">\n\t\t\t\t\t\t<section class=\"elementor-section elementor-top-section elementor-element elementor-element-d7bdbd6 elementor-section-boxed elementor-section-height-default elementor-section-height-default wpr-particle-no wpr-jarallax-no wpr-parallax-no wpr-sticky-section-no wpr-equal-height-no\" data-id=\"d7bdbd6\" data-element_type=\"section\" data-e-type=\"section\">\n\t\t\t\t\t\t<div class=\"elementor-container elementor-column-gap-default\">\n\t\t\t\t\t<div class=\"elementor-column elementor-col-100 elementor-top-column elementor-element elementor-element-79a8e94\" data-id=\"79a8e94\" data-element_type=\"column\" data-e-type=\"column\">\n\t\t\t<div class=\"elementor-widget-wrap elementor-element-populated\">\n\t\t\t\t\t\t<div class=\"elementor-element elementor-element-62bf84b elementor-widget elementor-widget-text-editor\" data-id=\"62bf84b\" data-element_type=\"widget\" data-e-type=\"widget\" data-widget_type=\"text-editor.default\">\n\t\t\t\t<div class=\"elementor-widget-container\">\n\t\t\t\t\t\t\t\t\t<p style=\"text-align: center;\">\u00a0<\/p><p dir=\"ltr\" style=\"line-height: 1.38; margin-top: 0pt; margin-bottom: 0pt;\"><span style=\"font-size: 11pt; font-family: Arial; color: #000000; background-color: transparent; font-weight: 400; font-style: normal; font-variant: normal; text-decoration: none; vertical-align: baseline; white-space: pre-wrap;\">Og\u00f3lnopolski Festiwal Mi\u0142o\u015bnik\u00f3w Fantastyki Bachanalia Fantastyczne w Zielonej G\u00f3rze organizuje Zielonog\u00f3rski Klub Fantastyki \u201cAd Astra\u201d lub w skr\u00f3cie ZKF Ad Astra.<\/span><\/p>\t\t\t\t\t\t\t\t<\/div>\n\t\t\t\t<\/div>\n\t\t\t\t\t<\/div>\n\t\t<\/div>\n\t\t\t\t\t<\/div>\n\t\t<\/section>\n\t\t\t\t<section class=\"elementor-section elementor-top-section elementor-element elementor-element-49dcc2d elementor-section-boxed elementor-section-height-default elementor-section-height-default wpr-particle-no wpr-jarallax-no wpr-parallax-no wpr-sticky-section-no wpr-equal-height-no\" data-id=\"49dcc2d\" data-element_type=\"section\" data-e-type=\"section\">\n\t\t\t\t\t\t<div class=\"elementor-container elementor-column-gap-default\">\n\t\t\t\t\t<div class=\"elementor-column elementor-col-33 elementor-top-column elementor-element elementor-element-acb01a8\" data-id=\"acb01a8\" data-element_type=\"column\" data-e-type=\"column\">\n\t\t\t<div class=\"elementor-widget-wrap elementor-element-populated\">\n\t\t\t\t\t\t<div class=\"elementor-element elementor-element-43a0a6b elementor-widget elementor-widget-image\" data-id=\"43a0a6b\" data-element_type=\"widget\" data-e-type=\"widget\" data-widget_type=\"image.default\">\n\t\t\t\t<div class=\"elementor-widget-container\">\n\t\t\t\t\t\t\t\t\t\t\t\t\t\t\t<img decoding=\"async\" width=\"100\" height=\"100\" src=\"https:\/\/bachanaliafantastyczne.pl\/wp-content\/uploads\/2023\/07\/logo_ada.png\" class=\"attachment-large size-large wp-image-1675\" alt=\"\" srcset=\"https:\/\/bachanaliafantastyczne.pl\/wp-content\/uploads\/2023\/07\/logo_ada.png 100w, https:\/\/bachanaliafantastyczne.pl\/wp-content\/uploads\/2023\/07\/logo_ada-75x75.png 75w\" sizes=\"(max-width: 100px) 100vw, 100px\" \/>\t\t\t\t\t\t\t\t\t\t\t\t\t\t\t<\/div>\n\t\t\t\t<\/div>\n\t\t\t\t\t<\/div>\n\t\t<\/div>\n\t\t\t\t<div class=\"elementor-column elementor-col-66 elementor-top-column elementor-element elementor-element-7c1e8e6\" data-id=\"7c1e8e6\" data-element_type=\"column\" data-e-type=\"column\">\n\t\t\t<div class=\"elementor-widget-wrap elementor-element-populated\">\n\t\t\t\t\t\t<div class=\"elementor-element elementor-element-3c76034 elementor-widget elementor-widget-text-editor\" data-id=\"3c76034\" data-element_type=\"widget\" data-e-type=\"widget\" data-widget_type=\"text-editor.default\">\n\t\t\t\t<div class=\"elementor-widget-container\">\n\t\t\t\t\t\t\t\t\t<p>Zielonog\u00f3rski Klub Fantastyki \u201eAd Astra\u201d<\/p><p>Ul. Fabryczna 13B<\/p><p>65-410 Zielona G\u00f3ra<\/p><p>NIP 973-06-79-285<\/p><p>REGON 971286390<\/p><p>Zielonog\u00f3rski Klub Fantastyki AD ASTRA z siedzib\u0105 w Zielonej G\u00f3rze przy ul. Fabrycznej 13b, wpisany pod numerem 0000170986 do rejestru stowarzysze\u0144 Krajowego Rejestru S\u0105dowego prowadzonego przez S\u0105d Rejonowy w Zielonej G\u00f3rze, VIII Wydzia\u0142 Gospodarczy Krajowego Rejestru S\u0105dowego.<\/p>\t\t\t\t\t\t\t\t<\/div>\n\t\t\t\t<\/div>\n\t\t\t\t\t<\/div>\n\t\t<\/div>\n\t\t\t\t\t<\/div>\n\t\t<\/section>\n\t\t\t\t<section class=\"elementor-section elementor-top-section elementor-element elementor-element-b09e45f elementor-section-boxed elementor-section-height-default elementor-section-height-default wpr-particle-no wpr-jarallax-no wpr-parallax-no wpr-sticky-section-no wpr-equal-height-no\" data-id=\"b09e45f\" data-element_type=\"section\" data-e-type=\"section\">\n\t\t\t\t\t\t<div class=\"elementor-container elementor-column-gap-default\">\n\t\t\t\t\t<div class=\"elementor-column elementor-col-100 elementor-top-column elementor-element elementor-element-595bba6\" data-id=\"595bba6\" data-element_type=\"column\" data-e-type=\"column\">\n\t\t\t<div class=\"elementor-widget-wrap elementor-element-populated\">\n\t\t\t\t\t\t<div class=\"elementor-element elementor-element-2ae0570 elementor-align-center elementor-widget elementor-widget-button\" data-id=\"2ae0570\" data-element_type=\"widget\" data-e-type=\"widget\" data-widget_type=\"button.default\">\n\t\t\t\t<div class=\"elementor-widget-container\">\n\t\t\t\t\t\t\t\t\t<div class=\"elementor-button-wrapper\">\n\t\t\t\t\t<a class=\"elementor-button elementor-button-link elementor-size-lg\" href=\"mailto:org@bachanaliafantastyczne.pl\">\n\t\t\t\t\t\t<span class=\"elementor-button-content-wrapper\">\n\t\t\t\t\t\t\t\t\t<span class=\"elementor-button-text\">Napisz do nas<\/span>\n\t\t\t\t\t<\/span>\n\t\t\t\t\t<\/a>\n\t\t\t\t<\/div>\n\t\t\t\t\t\t\t\t<\/div>\n\t\t\t\t<\/div>\n\t\t\t\t\t<\/div>\n\t\t<\/div>\n\t\t\t\t\t<\/div>\n\t\t<\/section>\n\t\t\t\t<\/div>\n\t\t","protected":false},"excerpt":{"rendered":"<p>\u00a0 Og\u00f3lnopolski Festiwal Mi\u0142o\u015bnik\u00f3w Fantastyki Bachanalia Fantastyczne w Zielonej G\u00f3rze organizuje Zielonog\u00f3rski Klub Fantastyki \u201cAd Astra\u201d lub w skr\u00f3cie ZKF Ad Astra. Zielonog\u00f3rski Klub Fantastyki \u201eAd Astra\u201d Ul. Fabryczna 13B 65-410 Zielona G\u00f3ra NIP 973-06-79-285 REGON 971286390 Zielonog\u00f3rski Klub Fantastyki AD ASTRA z siedzib\u0105 w Zielonej G\u00f3rze przy ul. Fabrycznej 13b, wpisany pod numerem 0000170986 do rejestru stowarzysze\u0144 Krajowego Rejestru S\u0105dowego prowadzonego przez S\u0105d Rejonowy w Zielonej G\u00f3rze, VIII Wydzia\u0142 Gospodarczy Krajowego Rejestru S\u0105dowego. Napisz do nas nzqdaewf [test]<\/p>\n","protected":false},"author":1,"featured_media":0,"parent":0,"menu_order":0,"comment_status":"closed","ping_status":"closed","template":"","meta":{"ngg_post_thumbnail":0,"footnotes":""},"class_list":["post-1421","page","type-page","status-publish","hentry"],"_links":{"self":[{"href":"https:\/\/bachanaliafantastyczne.pl\/index.php\/wp-json\/wp\/v2\/pages\/1421","targetHints":{"allow":["GET"]}}],"collection":[{"href":"https:\/\/bachanaliafantastyczne.pl\/index.php\/wp-json\/wp\/v2\/pages"}],"about":[{"href":"https:\/\/bachanaliafantastyczne.pl\/index.php\/wp-json\/wp\/v2\/types\/page"}],"author":[{"embeddable":true,"href":"https:\/\/bachanaliafantastyczne.pl\/index.php\/wp-json\/wp\/v2\/users\/1"}],"replies":[{"embeddable":true,"href":"https:\/\/bachanaliafantastyczne.pl\/index.php\/wp-json\/wp\/v2\/comments?post=1421"}],"version-history":[{"count":7,"href":"https:\/\/bachanaliafantastyczne.pl\/index.php\/wp-json\/wp\/v2\/pages\/1421\/revisions"}],"predecessor-version":[{"id":1933,"href":"https:\/\/bachanaliafantastyczne.pl\/index.php\/wp-json\/wp\/v2\/pages\/1421\/revisions\/1933"}],"wp:attachment":[{"href":"https:\/\/bachanaliafantastyczne.pl\/index.php\/wp-json\/wp\/v2\/media?parent=1421"}],"curies":[{"name":"wp","href":"https:\/\/api.w.org\/{rel}","templated":true}]}}