{"id":1420,"date":"2023-06-25T20:48:55","date_gmt":"2023-06-25T18:48:55","guid":{"rendered":"https:\/\/bachanaliafantastyczne.pl\/?page_id=1420"},"modified":"2026-02-12T18:17:48","modified_gmt":"2026-02-12T17:17:48","slug":"co-to-sa-bachanalia","status":"publish","type":"page","link":"https:\/\/bachanaliafantastyczne.pl\/index.php\/co-to-sa-bachanalia\/","title":{"rendered":"CO TO S\u0104 BACHANALIA"},"content":{"rendered":"\t\t<div data-elementor-type=\"wp-page\" data-elementor-id=\"1420\" class=\"elementor elementor-1420\">\n\t\t\t\t\t\t<section class=\"elementor-section elementor-top-section elementor-element elementor-element-f9384fb elementor-section-boxed elementor-section-height-default elementor-section-height-default wpr-particle-no wpr-jarallax-no wpr-parallax-no wpr-sticky-section-no wpr-equal-height-no\" data-id=\"f9384fb\" data-element_type=\"section\" data-e-type=\"section\">\n\t\t\t\t\t\t<div class=\"elementor-container elementor-column-gap-default\">\n\t\t\t\t\t<div class=\"elementor-column elementor-col-100 elementor-top-column elementor-element elementor-element-00fba78\" data-id=\"00fba78\" data-element_type=\"column\" data-e-type=\"column\">\n\t\t\t<div class=\"elementor-widget-wrap elementor-element-populated\">\n\t\t\t\t\t\t<div class=\"elementor-element elementor-element-e8047c2 elementor-widget elementor-widget-text-editor\" data-id=\"e8047c2\" data-element_type=\"widget\" data-e-type=\"widget\" data-widget_type=\"text-editor.default\">\n\t\t\t\t<div class=\"elementor-widget-container\">\n\t\t\t\t\t\t\t\t\t<p><span style=\"font-weight: 400;\">Bachanalia Fantastyczne to jedna z najstarszych w kraju imprez dla mi\u0142o\u015bnik\u00f3w fantastyki, organizowana przez drugie najstarsze stowarzyszenie fan\u00f3w fantastyki w Polsce (pozdrawiamy \u015aKF!). W tym roku zapraszamy ju\u017c na 40. edycj\u0119 naszego festiwalu, kt\u00f3ry organizowany by\u0142 jest i b\u0119dzie w Zielonej G\u00f3rze.<\/span><\/p>\n<p><span style=\"font-weight: 400;\">Pe\u0142na nazwa Bachanali\u00f3w to Og\u00f3lnopolski Festiwal Mi\u0142o\u015bnik\u00f3w Fantastyki Bachanalia Fantastyczne, ale r\u00f3wnie dobrze mo\u017cna \u015bmia\u0142o pos\u0142ugiwa\u0107 si\u0119 nazw\u0105 &#8222;konwent&#8221;.&nbsp;<\/span><\/p>\n<p><span style=\"font-weight: 400;\">Podczas Bachanali\u00f3w Fantastycznych organizujemy dla naszych uczestnik\u00f3w bloki tematyczne, tak aby ka\u017cdy znalaz\u0142 co\u015b dla siebie: od wielkiego Games Roomu z blisko 500. grami, przez panele i prelekcje z pisarzami, sesje RPG, konkursy wiedzy o popkulturze, literaturze czy filmie, ko\u0144cz\u0105c na stale powi\u0119kszaj\u0105cej si\u0119 ofercie bloku kultury wschodniej.&nbsp;<\/span><\/p>\n<p><span style=\"font-weight: 400;\">Przez lata Bachanalia Fantastyczne organizowane by\u0142y w r\u00f3\u017cnych lokalizacjach w Zielonej G\u00f3rze: w szko\u0142ach, w siedzibie Zielonog\u00f3rskiego Klubu Fantastyki \u201cAd Astra\u201d przy ul. Fabrycznej oraz na Uniwersytecie Zielonog\u00f3rskim, na kt\u00f3ry powr\u00f3cili\u015bmy w 2021 roku.&nbsp;<\/span><\/p>\n<p><span style=\"font-weight: 400;\">Nasza impreza odbywa si\u0119 co roku jesieni\u0105, a uczestniczy w niej ok. 500-850 go\u015bci z Polski, w tym wielu uznanych pisarzy, rysownik\u00f3w, komiksiarzy, t\u0142umaczy, naukowc\u00f3w. Go\u015bcili u nas mi\u0119dzy innymi: Maciej Parowski, Peter Watts, Witold Jab\u0142o\u0144ski, Jakub \u0106wiek, Marek Huberath, Andrzej Ziemia\u0144ski, Ian R. MacLeod, Bogus\u0142aw Polch, Jacek Rodek, Ondrej Neff, Arnold Mostowicz, \u0141ukasz Orbitowski, Jaros\u0142aw Grz\u0119dowicz, Francois Launet, Maja Kossakowska, Eugeniusz D\u0119bski, Jacek Inglot, Andrzej Drzewi\u0144ski, Rafa\u0142 D\u0119bski, Marek Oramus, Grzegorz Janusz, Micha\u0142 Cetnarowski, Piotr Cholewa, Robert Wegner, Rafa\u0142 Majka, Bartek Biedrzycki, Rafa\u0142 Kosik, Piotr Kosek, Krzysztof Kozio\u0142ek, Micha\u0142 Cholewa, Tomasz Niewiadomski i wielu wielu innych.<\/span><\/p>\t\t\t\t\t\t\t\t<\/div>\n\t\t\t\t<\/div>\n\t\t\t\t\t<\/div>\n\t\t<\/div>\n\t\t\t\t\t<\/div>\n\t\t<\/section>\n\t\t\t\t<section class=\"elementor-section elementor-top-section elementor-element elementor-element-95a6b83 elementor-section-boxed elementor-section-height-default elementor-section-height-default wpr-particle-no wpr-jarallax-no wpr-parallax-no wpr-sticky-section-no wpr-equal-height-no\" data-id=\"95a6b83\" data-element_type=\"section\" data-e-type=\"section\">\n\t\t\t\t\t\t<div class=\"elementor-container elementor-column-gap-default\">\n\t\t\t\t\t<div class=\"elementor-column elementor-col-100 elementor-top-column elementor-element elementor-element-ff14a22\" data-id=\"ff14a22\" data-element_type=\"column\" data-e-type=\"column\">\n\t\t\t<div class=\"elementor-widget-wrap elementor-element-populated\">\n\t\t\t\t\t\t<div class=\"elementor-element elementor-element-2819caf elementor-arrows-position-inside elementor-widget elementor-widget-image-carousel\" data-id=\"2819caf\" data-element_type=\"widget\" data-e-type=\"widget\" data-settings=\"{&quot;slides_to_show&quot;:&quot;1&quot;,&quot;navigation&quot;:&quot;arrows&quot;,&quot;autoplay&quot;:&quot;yes&quot;,&quot;pause_on_hover&quot;:&quot;yes&quot;,&quot;pause_on_interaction&quot;:&quot;yes&quot;,&quot;autoplay_speed&quot;:5000,&quot;infinite&quot;:&quot;yes&quot;,&quot;effect&quot;:&quot;slide&quot;,&quot;speed&quot;:500}\" data-widget_type=\"image-carousel.default\">\n\t\t\t\t<div class=\"elementor-widget-container\">\n\t\t\t\t\t\t\t<div class=\"elementor-image-carousel-wrapper swiper\" role=\"region\" aria-roledescription=\"carousel\" aria-label=\"Karuzela obrazk\u00f3w\" dir=\"ltr\">\n\t\t\t<div class=\"elementor-image-carousel swiper-wrapper swiper-image-stretch\" aria-live=\"off\">\n\t\t\t\t\t\t\t\t<div class=\"swiper-slide\" role=\"group\" aria-roledescription=\"slide\" aria-label=\"1 z 54\"><figure class=\"swiper-slide-inner\"><img decoding=\"async\" class=\"swiper-slide-image\" src=\"https:\/\/bachanaliafantastyczne.pl\/wp-content\/uploads\/2023\/07\/IMG_7508-2-scaled.jpg\" alt=\"IMG_7508-2\" \/><\/figure><\/div><div class=\"swiper-slide\" role=\"group\" aria-roledescription=\"slide\" aria-label=\"2 z 54\"><figure class=\"swiper-slide-inner\"><img decoding=\"async\" class=\"swiper-slide-image\" src=\"https:\/\/bachanaliafantastyczne.pl\/wp-content\/uploads\/2023\/07\/IMG_7543-2-scaled.jpg\" alt=\"IMG_7543-2\" \/><\/figure><\/div><div class=\"swiper-slide\" role=\"group\" aria-roledescription=\"slide\" aria-label=\"3 z 54\"><figure class=\"swiper-slide-inner\"><img decoding=\"async\" class=\"swiper-slide-image\" src=\"https:\/\/bachanaliafantastyczne.pl\/wp-content\/uploads\/2023\/07\/IMG_7545-2-scaled.jpg\" alt=\"IMG_7545-2\" \/><\/figure><\/div><div class=\"swiper-slide\" role=\"group\" aria-roledescription=\"slide\" aria-label=\"4 z 54\"><figure class=\"swiper-slide-inner\"><img decoding=\"async\" class=\"swiper-slide-image\" src=\"https:\/\/bachanaliafantastyczne.pl\/wp-content\/uploads\/2023\/07\/IMG_7595-2-scaled.jpg\" alt=\"IMG_7595-2\" \/><\/figure><\/div><div class=\"swiper-slide\" role=\"group\" aria-roledescription=\"slide\" aria-label=\"5 z 54\"><figure class=\"swiper-slide-inner\"><img decoding=\"async\" class=\"swiper-slide-image\" src=\"https:\/\/bachanaliafantastyczne.pl\/wp-content\/uploads\/2023\/07\/IMG_7600-2-scaled.jpg\" alt=\"IMG_7600-2\" \/><\/figure><\/div><div class=\"swiper-slide\" role=\"group\" aria-roledescription=\"slide\" aria-label=\"6 z 54\"><figure class=\"swiper-slide-inner\"><img decoding=\"async\" class=\"swiper-slide-image\" src=\"https:\/\/bachanaliafantastyczne.pl\/wp-content\/uploads\/2023\/07\/IMG_7602-2-scaled.jpg\" alt=\"IMG_7602-2\" \/><\/figure><\/div><div class=\"swiper-slide\" role=\"group\" aria-roledescription=\"slide\" aria-label=\"7 z 54\"><figure class=\"swiper-slide-inner\"><img decoding=\"async\" class=\"swiper-slide-image\" src=\"https:\/\/bachanaliafantastyczne.pl\/wp-content\/uploads\/2023\/07\/IMG_7605-2-scaled.jpg\" alt=\"IMG_7605-2\" \/><\/figure><\/div><div class=\"swiper-slide\" role=\"group\" aria-roledescription=\"slide\" aria-label=\"8 z 54\"><figure class=\"swiper-slide-inner\"><img decoding=\"async\" class=\"swiper-slide-image\" src=\"https:\/\/bachanaliafantastyczne.pl\/wp-content\/uploads\/2023\/07\/IMG_7611-2-scaled.jpg\" alt=\"IMG_7611-2\" \/><\/figure><\/div><div class=\"swiper-slide\" role=\"group\" aria-roledescription=\"slide\" aria-label=\"9 z 54\"><figure class=\"swiper-slide-inner\"><img decoding=\"async\" class=\"swiper-slide-image\" src=\"https:\/\/bachanaliafantastyczne.pl\/wp-content\/uploads\/2023\/07\/IMG_7613-2-scaled.jpg\" alt=\"IMG_7613-2\" \/><\/figure><\/div><div class=\"swiper-slide\" role=\"group\" aria-roledescription=\"slide\" aria-label=\"10 z 54\"><figure class=\"swiper-slide-inner\"><img decoding=\"async\" class=\"swiper-slide-image\" src=\"https:\/\/bachanaliafantastyczne.pl\/wp-content\/uploads\/2023\/07\/IMG_7619-2-scaled.jpg\" alt=\"IMG_7619-2\" \/><\/figure><\/div><div class=\"swiper-slide\" role=\"group\" aria-roledescription=\"slide\" aria-label=\"11 z 54\"><figure class=\"swiper-slide-inner\"><img decoding=\"async\" class=\"swiper-slide-image\" src=\"https:\/\/bachanaliafantastyczne.pl\/wp-content\/uploads\/2023\/07\/IMG_7620-2-scaled.jpg\" alt=\"IMG_7620-2\" \/><\/figure><\/div><div class=\"swiper-slide\" role=\"group\" aria-roledescription=\"slide\" aria-label=\"12 z 54\"><figure class=\"swiper-slide-inner\"><img decoding=\"async\" class=\"swiper-slide-image\" src=\"https:\/\/bachanaliafantastyczne.pl\/wp-content\/uploads\/2023\/07\/IMG_7628-2-scaled.jpg\" alt=\"IMG_7628-2\" \/><\/figure><\/div><div class=\"swiper-slide\" role=\"group\" aria-roledescription=\"slide\" aria-label=\"13 z 54\"><figure class=\"swiper-slide-inner\"><img decoding=\"async\" class=\"swiper-slide-image\" src=\"https:\/\/bachanaliafantastyczne.pl\/wp-content\/uploads\/2023\/07\/IMG_7636-2-scaled.jpg\" alt=\"IMG_7636-2\" \/><\/figure><\/div><div class=\"swiper-slide\" role=\"group\" aria-roledescription=\"slide\" aria-label=\"14 z 54\"><figure class=\"swiper-slide-inner\"><img decoding=\"async\" class=\"swiper-slide-image\" src=\"https:\/\/bachanaliafantastyczne.pl\/wp-content\/uploads\/2023\/07\/IMG_7642-2-scaled.jpg\" alt=\"IMG_7642-2\" \/><\/figure><\/div><div class=\"swiper-slide\" role=\"group\" aria-roledescription=\"slide\" aria-label=\"15 z 54\"><figure class=\"swiper-slide-inner\"><img decoding=\"async\" class=\"swiper-slide-image\" src=\"https:\/\/bachanaliafantastyczne.pl\/wp-content\/uploads\/2023\/07\/IMG_7665-2-scaled.jpg\" alt=\"IMG_7665-2\" \/><\/figure><\/div><div class=\"swiper-slide\" role=\"group\" aria-roledescription=\"slide\" aria-label=\"16 z 54\"><figure class=\"swiper-slide-inner\"><img decoding=\"async\" class=\"swiper-slide-image\" src=\"https:\/\/bachanaliafantastyczne.pl\/wp-content\/uploads\/2023\/07\/IMG_7672-2-scaled.jpg\" alt=\"IMG_7672-2\" \/><\/figure><\/div><div class=\"swiper-slide\" role=\"group\" aria-roledescription=\"slide\" aria-label=\"17 z 54\"><figure class=\"swiper-slide-inner\"><img decoding=\"async\" class=\"swiper-slide-image\" src=\"https:\/\/bachanaliafantastyczne.pl\/wp-content\/uploads\/2023\/07\/IMG_7683-2-scaled.jpg\" alt=\"IMG_7683-2\" \/><\/figure><\/div><div class=\"swiper-slide\" role=\"group\" aria-roledescription=\"slide\" aria-label=\"18 z 54\"><figure class=\"swiper-slide-inner\"><img decoding=\"async\" class=\"swiper-slide-image\" src=\"https:\/\/bachanaliafantastyczne.pl\/wp-content\/uploads\/2023\/07\/IMG_7701-2-scaled.jpg\" alt=\"IMG_7701-2\" \/><\/figure><\/div><div class=\"swiper-slide\" role=\"group\" aria-roledescription=\"slide\" aria-label=\"19 z 54\"><figure class=\"swiper-slide-inner\"><img decoding=\"async\" class=\"swiper-slide-image\" src=\"https:\/\/bachanaliafantastyczne.pl\/wp-content\/uploads\/2023\/07\/IMG_7711-2-scaled.jpg\" alt=\"IMG_7711-2\" \/><\/figure><\/div><div class=\"swiper-slide\" role=\"group\" aria-roledescription=\"slide\" aria-label=\"20 z 54\"><figure class=\"swiper-slide-inner\"><img decoding=\"async\" class=\"swiper-slide-image\" src=\"https:\/\/bachanaliafantastyczne.pl\/wp-content\/uploads\/2023\/07\/IMG_7726-2-scaled.jpg\" alt=\"IMG_7726-2\" \/><\/figure><\/div><div class=\"swiper-slide\" role=\"group\" aria-roledescription=\"slide\" aria-label=\"21 z 54\"><figure class=\"swiper-slide-inner\"><img decoding=\"async\" class=\"swiper-slide-image\" src=\"https:\/\/bachanaliafantastyczne.pl\/wp-content\/uploads\/2023\/07\/IMG_7733-2-scaled.jpg\" alt=\"IMG_7733-2\" \/><\/figure><\/div><div class=\"swiper-slide\" role=\"group\" aria-roledescription=\"slide\" aria-label=\"22 z 54\"><figure class=\"swiper-slide-inner\"><img decoding=\"async\" class=\"swiper-slide-image\" src=\"https:\/\/bachanaliafantastyczne.pl\/wp-content\/uploads\/2023\/07\/IMG_7745-2.jpg\" alt=\"IMG_7745-2\" \/><\/figure><\/div><div class=\"swiper-slide\" role=\"group\" aria-roledescription=\"slide\" aria-label=\"23 z 54\"><figure class=\"swiper-slide-inner\"><img decoding=\"async\" class=\"swiper-slide-image\" src=\"https:\/\/bachanaliafantastyczne.pl\/wp-content\/uploads\/2023\/07\/IMG_7783-2-scaled.jpg\" alt=\"IMG_7783-2\" \/><\/figure><\/div><div class=\"swiper-slide\" role=\"group\" aria-roledescription=\"slide\" aria-label=\"24 z 54\"><figure class=\"swiper-slide-inner\"><img decoding=\"async\" class=\"swiper-slide-image\" src=\"https:\/\/bachanaliafantastyczne.pl\/wp-content\/uploads\/2023\/07\/IMG_7795-2-scaled.jpg\" alt=\"IMG_7795-2\" \/><\/figure><\/div><div class=\"swiper-slide\" role=\"group\" aria-roledescription=\"slide\" aria-label=\"25 z 54\"><figure class=\"swiper-slide-inner\"><img decoding=\"async\" class=\"swiper-slide-image\" src=\"https:\/\/bachanaliafantastyczne.pl\/wp-content\/uploads\/2023\/07\/IMG_7826-2-scaled.jpg\" alt=\"IMG_7826-2\" \/><\/figure><\/div><div class=\"swiper-slide\" role=\"group\" aria-roledescription=\"slide\" aria-label=\"26 z 54\"><figure class=\"swiper-slide-inner\"><img decoding=\"async\" class=\"swiper-slide-image\" src=\"https:\/\/bachanaliafantastyczne.pl\/wp-content\/uploads\/2023\/07\/IMG_7836-2-scaled.jpg\" alt=\"IMG_7836-2\" \/><\/figure><\/div><div class=\"swiper-slide\" role=\"group\" aria-roledescription=\"slide\" aria-label=\"27 z 54\"><figure class=\"swiper-slide-inner\"><img decoding=\"async\" class=\"swiper-slide-image\" src=\"https:\/\/bachanaliafantastyczne.pl\/wp-content\/uploads\/2023\/07\/IMG_7844-2-scaled.jpg\" alt=\"IMG_7844-2\" \/><\/figure><\/div><div class=\"swiper-slide\" role=\"group\" aria-roledescription=\"slide\" aria-label=\"28 z 54\"><figure class=\"swiper-slide-inner\"><img decoding=\"async\" class=\"swiper-slide-image\" src=\"https:\/\/bachanaliafantastyczne.pl\/wp-content\/uploads\/2023\/07\/IMG_7913-2-scaled.jpg\" alt=\"IMG_7913-2\" \/><\/figure><\/div><div class=\"swiper-slide\" role=\"group\" aria-roledescription=\"slide\" aria-label=\"29 z 54\"><figure class=\"swiper-slide-inner\"><img decoding=\"async\" class=\"swiper-slide-image\" src=\"https:\/\/bachanaliafantastyczne.pl\/wp-content\/uploads\/2023\/07\/IMG_7927-2-scaled.jpg\" alt=\"IMG_7927-2\" \/><\/figure><\/div><div class=\"swiper-slide\" role=\"group\" aria-roledescription=\"slide\" aria-label=\"30 z 54\"><figure class=\"swiper-slide-inner\"><img decoding=\"async\" class=\"swiper-slide-image\" src=\"https:\/\/bachanaliafantastyczne.pl\/wp-content\/uploads\/2023\/07\/IMG_7944-2.jpg\" alt=\"IMG_7944-2\" \/><\/figure><\/div><div class=\"swiper-slide\" role=\"group\" aria-roledescription=\"slide\" aria-label=\"31 z 54\"><figure class=\"swiper-slide-inner\"><img decoding=\"async\" class=\"swiper-slide-image\" src=\"https:\/\/bachanaliafantastyczne.pl\/wp-content\/uploads\/2023\/07\/IMG_7946-2-scaled.jpg\" alt=\"IMG_7946-2\" \/><\/figure><\/div><div class=\"swiper-slide\" role=\"group\" aria-roledescription=\"slide\" aria-label=\"32 z 54\"><figure class=\"swiper-slide-inner\"><img decoding=\"async\" class=\"swiper-slide-image\" src=\"https:\/\/bachanaliafantastyczne.pl\/wp-content\/uploads\/2023\/07\/IMG_7955-2-scaled.jpg\" alt=\"IMG_7955-2\" \/><\/figure><\/div><div class=\"swiper-slide\" role=\"group\" aria-roledescription=\"slide\" aria-label=\"33 z 54\"><figure class=\"swiper-slide-inner\"><img decoding=\"async\" class=\"swiper-slide-image\" src=\"https:\/\/bachanaliafantastyczne.pl\/wp-content\/uploads\/2023\/07\/IMG_7962-2-scaled.jpg\" alt=\"IMG_7962-2\" \/><\/figure><\/div><div class=\"swiper-slide\" role=\"group\" aria-roledescription=\"slide\" aria-label=\"34 z 54\"><figure class=\"swiper-slide-inner\"><img decoding=\"async\" class=\"swiper-slide-image\" src=\"https:\/\/bachanaliafantastyczne.pl\/wp-content\/uploads\/2023\/07\/IMG_7982-2-scaled.jpg\" alt=\"IMG_7982-2\" \/><\/figure><\/div><div class=\"swiper-slide\" role=\"group\" aria-roledescription=\"slide\" aria-label=\"35 z 54\"><figure class=\"swiper-slide-inner\"><img decoding=\"async\" class=\"swiper-slide-image\" src=\"https:\/\/bachanaliafantastyczne.pl\/wp-content\/uploads\/2023\/07\/IMG_7983-2-scaled.jpg\" alt=\"IMG_7983-2\" \/><\/figure><\/div><div class=\"swiper-slide\" role=\"group\" aria-roledescription=\"slide\" aria-label=\"36 z 54\"><figure class=\"swiper-slide-inner\"><img decoding=\"async\" class=\"swiper-slide-image\" src=\"https:\/\/bachanaliafantastyczne.pl\/wp-content\/uploads\/2023\/07\/IMG_7991-2-scaled.jpg\" alt=\"IMG_7991-2\" \/><\/figure><\/div><div class=\"swiper-slide\" role=\"group\" aria-roledescription=\"slide\" aria-label=\"37 z 54\"><figure class=\"swiper-slide-inner\"><img decoding=\"async\" class=\"swiper-slide-image\" src=\"https:\/\/bachanaliafantastyczne.pl\/wp-content\/uploads\/2023\/07\/IMG_7996-2-scaled.jpg\" alt=\"IMG_7996-2\" \/><\/figure><\/div><div class=\"swiper-slide\" role=\"group\" aria-roledescription=\"slide\" aria-label=\"38 z 54\"><figure class=\"swiper-slide-inner\"><img decoding=\"async\" class=\"swiper-slide-image\" src=\"https:\/\/bachanaliafantastyczne.pl\/wp-content\/uploads\/2023\/07\/IMG_7998-2-scaled.jpg\" alt=\"IMG_7998-2\" \/><\/figure><\/div><div class=\"swiper-slide\" role=\"group\" aria-roledescription=\"slide\" aria-label=\"39 z 54\"><figure class=\"swiper-slide-inner\"><img decoding=\"async\" class=\"swiper-slide-image\" src=\"https:\/\/bachanaliafantastyczne.pl\/wp-content\/uploads\/2023\/07\/IMG_8006-2-scaled.jpg\" alt=\"IMG_8006-2\" \/><\/figure><\/div><div class=\"swiper-slide\" role=\"group\" aria-roledescription=\"slide\" aria-label=\"40 z 54\"><figure class=\"swiper-slide-inner\"><img decoding=\"async\" class=\"swiper-slide-image\" src=\"https:\/\/bachanaliafantastyczne.pl\/wp-content\/uploads\/2023\/07\/IMG_8016-2-scaled.jpg\" alt=\"IMG_8016-2\" \/><\/figure><\/div><div class=\"swiper-slide\" role=\"group\" aria-roledescription=\"slide\" aria-label=\"41 z 54\"><figure class=\"swiper-slide-inner\"><img decoding=\"async\" class=\"swiper-slide-image\" src=\"https:\/\/bachanaliafantastyczne.pl\/wp-content\/uploads\/2023\/07\/IMG_8032-2-scaled.jpg\" alt=\"IMG_8032-2\" \/><\/figure><\/div><div class=\"swiper-slide\" role=\"group\" aria-roledescription=\"slide\" aria-label=\"42 z 54\"><figure class=\"swiper-slide-inner\"><img decoding=\"async\" class=\"swiper-slide-image\" src=\"https:\/\/bachanaliafantastyczne.pl\/wp-content\/uploads\/2023\/07\/IMG_8067-2-scaled.jpg\" alt=\"IMG_8067-2\" \/><\/figure><\/div><div class=\"swiper-slide\" role=\"group\" aria-roledescription=\"slide\" aria-label=\"43 z 54\"><figure class=\"swiper-slide-inner\"><img decoding=\"async\" class=\"swiper-slide-image\" src=\"https:\/\/bachanaliafantastyczne.pl\/wp-content\/uploads\/2023\/07\/IMG_8070-2-scaled.jpg\" alt=\"IMG_8070-2\" \/><\/figure><\/div><div class=\"swiper-slide\" role=\"group\" aria-roledescription=\"slide\" aria-label=\"44 z 54\"><figure class=\"swiper-slide-inner\"><img decoding=\"async\" class=\"swiper-slide-image\" src=\"https:\/\/bachanaliafantastyczne.pl\/wp-content\/uploads\/2023\/07\/IMG_8072-2-scaled.jpg\" alt=\"IMG_8072-2\" \/><\/figure><\/div><div class=\"swiper-slide\" role=\"group\" aria-roledescription=\"slide\" aria-label=\"45 z 54\"><figure class=\"swiper-slide-inner\"><img decoding=\"async\" class=\"swiper-slide-image\" src=\"https:\/\/bachanaliafantastyczne.pl\/wp-content\/uploads\/2023\/07\/IMG_8085-2-scaled.jpg\" alt=\"IMG_8085-2\" \/><\/figure><\/div><div class=\"swiper-slide\" role=\"group\" aria-roledescription=\"slide\" aria-label=\"46 z 54\"><figure class=\"swiper-slide-inner\"><img decoding=\"async\" class=\"swiper-slide-image\" src=\"https:\/\/bachanaliafantastyczne.pl\/wp-content\/uploads\/2023\/07\/IMG_8116-2-scaled.jpg\" alt=\"IMG_8116-2\" \/><\/figure><\/div><div class=\"swiper-slide\" role=\"group\" aria-roledescription=\"slide\" aria-label=\"47 z 54\"><figure class=\"swiper-slide-inner\"><img decoding=\"async\" class=\"swiper-slide-image\" src=\"https:\/\/bachanaliafantastyczne.pl\/wp-content\/uploads\/2023\/07\/IMG_8117-2-scaled.jpg\" alt=\"IMG_8117-2\" \/><\/figure><\/div><div class=\"swiper-slide\" role=\"group\" aria-roledescription=\"slide\" aria-label=\"48 z 54\"><figure class=\"swiper-slide-inner\"><img decoding=\"async\" class=\"swiper-slide-image\" src=\"https:\/\/bachanaliafantastyczne.pl\/wp-content\/uploads\/2023\/07\/IMG_8122-2-scaled.jpg\" alt=\"IMG_8122-2\" \/><\/figure><\/div><div class=\"swiper-slide\" role=\"group\" aria-roledescription=\"slide\" aria-label=\"49 z 54\"><figure class=\"swiper-slide-inner\"><img decoding=\"async\" class=\"swiper-slide-image\" src=\"https:\/\/bachanaliafantastyczne.pl\/wp-content\/uploads\/2023\/07\/IMG_8160-2-scaled.jpg\" alt=\"IMG_8160-2\" \/><\/figure><\/div><div class=\"swiper-slide\" role=\"group\" aria-roledescription=\"slide\" aria-label=\"50 z 54\"><figure class=\"swiper-slide-inner\"><img decoding=\"async\" class=\"swiper-slide-image\" src=\"https:\/\/bachanaliafantastyczne.pl\/wp-content\/uploads\/2023\/07\/IMG_8166-2-scaled.jpg\" alt=\"IMG_8166-2\" \/><\/figure><\/div><div class=\"swiper-slide\" role=\"group\" aria-roledescription=\"slide\" aria-label=\"51 z 54\"><figure class=\"swiper-slide-inner\"><img decoding=\"async\" class=\"swiper-slide-image\" src=\"https:\/\/bachanaliafantastyczne.pl\/wp-content\/uploads\/2023\/07\/IMG_8177-2.jpg\" alt=\"IMG_8177-2\" \/><\/figure><\/div><div class=\"swiper-slide\" role=\"group\" aria-roledescription=\"slide\" aria-label=\"52 z 54\"><figure class=\"swiper-slide-inner\"><img decoding=\"async\" class=\"swiper-slide-image\" src=\"https:\/\/bachanaliafantastyczne.pl\/wp-content\/uploads\/2023\/07\/IMG_8186-2-scaled.jpg\" alt=\"IMG_8186-2\" \/><\/figure><\/div><div class=\"swiper-slide\" role=\"group\" aria-roledescription=\"slide\" aria-label=\"53 z 54\"><figure class=\"swiper-slide-inner\"><img decoding=\"async\" class=\"swiper-slide-image\" src=\"https:\/\/bachanaliafantastyczne.pl\/wp-content\/uploads\/2023\/07\/IMG_8190-2-scaled.jpg\" alt=\"IMG_8190-2\" \/><\/figure><\/div><div class=\"swiper-slide\" role=\"group\" aria-roledescription=\"slide\" aria-label=\"54 z 54\"><figure class=\"swiper-slide-inner\"><img decoding=\"async\" class=\"swiper-slide-image\" src=\"https:\/\/bachanaliafantastyczne.pl\/wp-content\/uploads\/2023\/07\/IMG_8194-2-scaled.jpg\" alt=\"IMG_8194-2\" \/><\/figure><\/div>\t\t\t<\/div>\n\t\t\t\t\t\t\t\t\t\t\t\t<div class=\"elementor-swiper-button elementor-swiper-button-prev\" role=\"button\" tabindex=\"0\">\n\t\t\t\t\t\t<i aria-hidden=\"true\" class=\"eicon-chevron-left\"><\/i>\t\t\t\t\t<\/div>\n\t\t\t\t\t<div class=\"elementor-swiper-button elementor-swiper-button-next\" role=\"button\" tabindex=\"0\">\n\t\t\t\t\t\t<i aria-hidden=\"true\" class=\"eicon-chevron-right\"><\/i>\t\t\t\t\t<\/div>\n\t\t\t\t\n\t\t\t\t\t\t\t\t\t<\/div>\n\t\t\t\t\t\t<\/div>\n\t\t\t\t<\/div>\n\t\t\t\t\t<\/div>\n\t\t<\/div>\n\t\t\t\t\t<\/div>\n\t\t<\/section>\n\t\t\t\t<\/div>\n\t\t","protected":false},"excerpt":{"rendered":"<p>Bachanalia Fantastyczne to jedna z najstarszych w kraju imprez dla mi\u0142o\u015bnik\u00f3w fantastyki, organizowana przez drugie najstarsze stowarzyszenie fan\u00f3w fantastyki w Polsce (pozdrawiamy \u015aKF!). W tym roku zapraszamy ju\u017c na 40. edycj\u0119 naszego festiwalu, kt\u00f3ry organizowany by\u0142 jest i b\u0119dzie w Zielonej G\u00f3rze. Pe\u0142na nazwa Bachanali\u00f3w to Og\u00f3lnopolski Festiwal Mi\u0142o\u015bnik\u00f3w Fantastyki Bachanalia Fantastyczne, ale r\u00f3wnie dobrze mo\u017cna \u015bmia\u0142o pos\u0142ugiwa\u0107 si\u0119 nazw\u0105 &#8222;konwent&#8221;.&nbsp; Podczas Bachanali\u00f3w Fantastycznych organizujemy dla naszych uczestnik\u00f3w bloki tematyczne, tak aby ka\u017cdy znalaz\u0142 co\u015b dla siebie: od wielkiego Games Roomu z blisko 500. grami, przez panele i prelekcje z pisarzami, sesje RPG, konkursy wiedzy o popkulturze, literaturze czy filmie, ko\u0144cz\u0105c na stale powi\u0119kszaj\u0105cej si\u0119 ofercie bloku kultury wschodniej.&nbsp; Przez lata Bachanalia Fantastyczne organizowane by\u0142y w r\u00f3\u017cnych lokalizacjach w Zielonej G\u00f3rze: w szko\u0142ach, w siedzibie Zielonog\u00f3rskiego Klubu Fantastyki \u201cAd Astra\u201d przy ul. Fabrycznej oraz na Uniwersytecie Zielonog\u00f3rskim, na kt\u00f3ry powr\u00f3cili\u015bmy w 2021 roku.&nbsp; Nasza impreza odbywa si\u0119 co roku jesieni\u0105, a uczestniczy w niej ok. 500-850 go\u015bci z Polski, w tym wielu uznanych pisarzy, rysownik\u00f3w, komiksiarzy, t\u0142umaczy, naukowc\u00f3w. Go\u015bcili u nas mi\u0119dzy innymi: Maciej Parowski, Peter Watts, Witold Jab\u0142o\u0144ski, Jakub \u0106wiek, Marek Huberath, Andrzej Ziemia\u0144ski, Ian R. MacLeod, Bogus\u0142aw Polch, Jacek Rodek, Ondrej Neff, Arnold Mostowicz, \u0141ukasz Orbitowski, Jaros\u0142aw Grz\u0119dowicz, Francois Launet, Maja Kossakowska, Eugeniusz D\u0119bski, Jacek Inglot, Andrzej Drzewi\u0144ski, Rafa\u0142 D\u0119bski, Marek Oramus, Grzegorz Janusz, Micha\u0142 Cetnarowski, Piotr Cholewa, Robert Wegner, Rafa\u0142 Majka, Bartek Biedrzycki, Rafa\u0142 Kosik, Piotr Kosek, Krzysztof Kozio\u0142ek, Micha\u0142 Cholewa, Tomasz Niewiadomski i wielu wielu innych.<\/p>\n","protected":false},"author":1,"featured_media":0,"parent":0,"menu_order":0,"comment_status":"closed","ping_status":"closed","template":"","meta":{"ngg_post_thumbnail":0,"footnotes":""},"class_list":["post-1420","page","type-page","status-publish","hentry"],"_links":{"self":[{"href":"https:\/\/bachanaliafantastyczne.pl\/index.php\/wp-json\/wp\/v2\/pages\/1420","targetHints":{"allow":["GET"]}}],"collection":[{"href":"https:\/\/bachanaliafantastyczne.pl\/index.php\/wp-json\/wp\/v2\/pages"}],"about":[{"href":"https:\/\/bachanaliafantastyczne.pl\/index.php\/wp-json\/wp\/v2\/types\/page"}],"author":[{"embeddable":true,"href":"https:\/\/bachanaliafantastyczne.pl\/index.php\/wp-json\/wp\/v2\/users\/1"}],"replies":[{"embeddable":true,"href":"https:\/\/bachanaliafantastyczne.pl\/index.php\/wp-json\/wp\/v2\/comments?post=1420"}],"version-history":[{"count":16,"href":"https:\/\/bachanaliafantastyczne.pl\/index.php\/wp-json\/wp\/v2\/pages\/1420\/revisions"}],"predecessor-version":[{"id":3153,"href":"https:\/\/bachanaliafantastyczne.pl\/index.php\/wp-json\/wp\/v2\/pages\/1420\/revisions\/3153"}],"wp:attachment":[{"href":"https:\/\/bachanaliafantastyczne.pl\/index.php\/wp-json\/wp\/v2\/media?parent=1420"}],"curies":[{"name":"wp","href":"https:\/\/api.w.org\/{rel}","templated":true}]}}