{"id":1350,"date":"2023-06-25T20:24:31","date_gmt":"2023-06-25T18:24:31","guid":{"rendered":"https:\/\/bachanaliafantastyczne.pl\/?page_id=1350"},"modified":"2023-07-11T23:13:38","modified_gmt":"2023-07-11T21:13:38","slug":"gamesroom","status":"publish","type":"page","link":"https:\/\/bachanaliafantastyczne.pl\/index.php\/gamesroom\/","title":{"rendered":"GAMESROOM"},"content":{"rendered":"\t\t<div data-elementor-type=\"wp-page\" data-elementor-id=\"1350\" class=\"elementor elementor-1350\">\n\t\t\t\t\t\t<section class=\"elementor-section elementor-top-section elementor-element elementor-element-77e431f elementor-section-boxed elementor-section-height-default elementor-section-height-default wpr-particle-no wpr-jarallax-no wpr-parallax-no wpr-sticky-section-no wpr-equal-height-no\" data-id=\"77e431f\" data-element_type=\"section\" data-e-type=\"section\">\n\t\t\t\t\t\t<div class=\"elementor-container elementor-column-gap-default\">\n\t\t\t\t\t<div class=\"elementor-column elementor-col-100 elementor-top-column elementor-element elementor-element-74eacb3\" data-id=\"74eacb3\" data-element_type=\"column\" data-e-type=\"column\">\n\t\t\t<div class=\"elementor-widget-wrap elementor-element-populated\">\n\t\t\t\t\t\t<div class=\"elementor-element elementor-element-6186d87 elementor-widget elementor-widget-heading\" data-id=\"6186d87\" data-element_type=\"widget\" data-e-type=\"widget\" data-widget_type=\"heading.default\">\n\t\t\t\t<div class=\"elementor-widget-container\">\n\t\t\t\t\t<h2 class=\"elementor-heading-title elementor-size-default\">Kilkaset gier, wiele turniej\u00f3w, oraz nasi wspaniali animatorzy to przepis na udany gamesroom podczas konwentu. Przez ca\u0142y czas otwarcia g\u0142\u00f3wnego budynku nasza ekpa z sekcji \"Trzymaj Pion\" jest gotowa wyt\u0142umaczy\u0107 Wam ka\u017cd\u0105, nawet najbardziej skomplikowan\u0105 gr\u0119 z naszych zbior\u00f3w.<\/h2>\t\t\t\t<\/div>\n\t\t\t\t<\/div>\n\t\t\t\t\t<\/div>\n\t\t<\/div>\n\t\t\t\t\t<\/div>\n\t\t<\/section>\n\t\t\t\t<section class=\"elementor-section elementor-top-section elementor-element elementor-element-c70bd26 elementor-section-boxed elementor-section-height-default elementor-section-height-default wpr-particle-no wpr-jarallax-no wpr-parallax-no wpr-sticky-section-no wpr-equal-height-no\" data-id=\"c70bd26\" data-element_type=\"section\" data-e-type=\"section\">\n\t\t\t\t\t\t<div class=\"elementor-container elementor-column-gap-default\">\n\t\t\t\t\t<div class=\"elementor-column elementor-col-100 elementor-top-column elementor-element elementor-element-9ba1069\" data-id=\"9ba1069\" data-element_type=\"column\" data-e-type=\"column\">\n\t\t\t<div class=\"elementor-widget-wrap elementor-element-populated\">\n\t\t\t\t\t\t<div class=\"elementor-element elementor-element-0dba530 elementor-arrows-position-inside elementor-widget elementor-widget-image-carousel\" data-id=\"0dba530\" data-element_type=\"widget\" data-e-type=\"widget\" data-settings=\"{&quot;slides_to_show&quot;:&quot;1&quot;,&quot;navigation&quot;:&quot;arrows&quot;,&quot;autoplay&quot;:&quot;yes&quot;,&quot;pause_on_hover&quot;:&quot;yes&quot;,&quot;pause_on_interaction&quot;:&quot;yes&quot;,&quot;autoplay_speed&quot;:5000,&quot;infinite&quot;:&quot;yes&quot;,&quot;effect&quot;:&quot;slide&quot;,&quot;speed&quot;:500}\" data-widget_type=\"image-carousel.default\">\n\t\t\t\t<div class=\"elementor-widget-container\">\n\t\t\t\t\t\t\t<div class=\"elementor-image-carousel-wrapper swiper\" role=\"region\" aria-roledescription=\"carousel\" aria-label=\"Karuzela obrazk\u00f3w\" dir=\"ltr\">\n\t\t\t<div class=\"elementor-image-carousel swiper-wrapper swiper-image-stretch\" aria-live=\"off\">\n\t\t\t\t\t\t\t\t<div class=\"swiper-slide\" role=\"group\" aria-roledescription=\"slide\" aria-label=\"1 z 9\"><figure class=\"swiper-slide-inner\"><img decoding=\"async\" class=\"swiper-slide-image\" src=\"https:\/\/bachanaliafantastyczne.pl\/wp-content\/uploads\/2023\/07\/IMG_7657-2.jpg\" alt=\"IMG_7657-2\" \/><\/figure><\/div><div class=\"swiper-slide\" role=\"group\" aria-roledescription=\"slide\" aria-label=\"2 z 9\"><figure class=\"swiper-slide-inner\"><img decoding=\"async\" class=\"swiper-slide-image\" src=\"https:\/\/bachanaliafantastyczne.pl\/wp-content\/uploads\/2023\/07\/IMG_7655-2-scaled.jpg\" alt=\"IMG_7655-2\" \/><\/figure><\/div><div class=\"swiper-slide\" role=\"group\" aria-roledescription=\"slide\" aria-label=\"3 z 9\"><figure class=\"swiper-slide-inner\"><img decoding=\"async\" class=\"swiper-slide-image\" src=\"https:\/\/bachanaliafantastyczne.pl\/wp-content\/uploads\/2023\/07\/IMG_7654-2-scaled.jpg\" alt=\"IMG_7654-2\" \/><\/figure><\/div><div class=\"swiper-slide\" role=\"group\" aria-roledescription=\"slide\" aria-label=\"4 z 9\"><figure class=\"swiper-slide-inner\"><img decoding=\"async\" class=\"swiper-slide-image\" src=\"https:\/\/bachanaliafantastyczne.pl\/wp-content\/uploads\/2023\/07\/IMG_7651-2-scaled.jpg\" alt=\"IMG_7651-2\" \/><\/figure><\/div><div class=\"swiper-slide\" role=\"group\" aria-roledescription=\"slide\" aria-label=\"5 z 9\"><figure class=\"swiper-slide-inner\"><img decoding=\"async\" class=\"swiper-slide-image\" src=\"https:\/\/bachanaliafantastyczne.pl\/wp-content\/uploads\/2023\/07\/IMG_7649-2-scaled.jpg\" alt=\"IMG_7649-2\" \/><\/figure><\/div><div class=\"swiper-slide\" role=\"group\" aria-roledescription=\"slide\" aria-label=\"6 z 9\"><figure class=\"swiper-slide-inner\"><img decoding=\"async\" class=\"swiper-slide-image\" src=\"https:\/\/bachanaliafantastyczne.pl\/wp-content\/uploads\/2023\/07\/IMG_7646-2-scaled.jpg\" alt=\"IMG_7646-2\" \/><\/figure><\/div><div class=\"swiper-slide\" role=\"group\" aria-roledescription=\"slide\" aria-label=\"7 z 9\"><figure class=\"swiper-slide-inner\"><img decoding=\"async\" class=\"swiper-slide-image\" src=\"https:\/\/bachanaliafantastyczne.pl\/wp-content\/uploads\/2023\/07\/IMG_7645-2-scaled.jpg\" alt=\"IMG_7645-2\" \/><\/figure><\/div><div class=\"swiper-slide\" role=\"group\" aria-roledescription=\"slide\" aria-label=\"8 z 9\"><figure class=\"swiper-slide-inner\"><img decoding=\"async\" class=\"swiper-slide-image\" src=\"https:\/\/bachanaliafantastyczne.pl\/wp-content\/uploads\/2023\/07\/IMG_7998-2-scaled.jpg\" alt=\"IMG_7998-2\" \/><\/figure><\/div><div class=\"swiper-slide\" role=\"group\" aria-roledescription=\"slide\" aria-label=\"9 z 9\"><figure class=\"swiper-slide-inner\"><img decoding=\"async\" class=\"swiper-slide-image\" src=\"https:\/\/bachanaliafantastyczne.pl\/wp-content\/uploads\/2023\/07\/IMG_7795-2-scaled.jpg\" alt=\"IMG_7795-2\" \/><\/figure><\/div>\t\t\t<\/div>\n\t\t\t\t\t\t\t\t\t\t\t\t<div class=\"elementor-swiper-button elementor-swiper-button-prev\" role=\"button\" tabindex=\"0\">\n\t\t\t\t\t\t<i aria-hidden=\"true\" class=\"eicon-chevron-left\"><\/i>\t\t\t\t\t<\/div>\n\t\t\t\t\t<div class=\"elementor-swiper-button elementor-swiper-button-next\" role=\"button\" tabindex=\"0\">\n\t\t\t\t\t\t<i aria-hidden=\"true\" class=\"eicon-chevron-right\"><\/i>\t\t\t\t\t<\/div>\n\t\t\t\t\n\t\t\t\t\t\t\t\t\t<\/div>\n\t\t\t\t\t\t<\/div>\n\t\t\t\t<\/div>\n\t\t\t\t\t<\/div>\n\t\t<\/div>\n\t\t\t\t\t<\/div>\n\t\t<\/section>\n\t\t\t\t<\/div>\n\t\t","protected":false},"excerpt":{"rendered":"<p>Kilkaset gier, wiele turniej\u00f3w, oraz nasi wspaniali animatorzy to przepis na udany gamesroom podczas konwentu. Przez ca\u0142y czas otwarcia g\u0142\u00f3wnego budynku nasza ekpa z sekcji &#8222;Trzymaj Pion&#8221; jest gotowa wyt\u0142umaczy\u0107 Wam ka\u017cd\u0105, nawet najbardziej skomplikowan\u0105 gr\u0119 z naszych zbior\u00f3w.<\/p>\n","protected":false},"author":1,"featured_media":0,"parent":0,"menu_order":0,"comment_status":"closed","ping_status":"closed","template":"","meta":{"ngg_post_thumbnail":0,"footnotes":""},"class_list":["post-1350","page","type-page","status-publish","hentry"],"_links":{"self":[{"href":"https:\/\/bachanaliafantastyczne.pl\/index.php\/wp-json\/wp\/v2\/pages\/1350","targetHints":{"allow":["GET"]}}],"collection":[{"href":"https:\/\/bachanaliafantastyczne.pl\/index.php\/wp-json\/wp\/v2\/pages"}],"about":[{"href":"https:\/\/bachanaliafantastyczne.pl\/index.php\/wp-json\/wp\/v2\/types\/page"}],"author":[{"embeddable":true,"href":"https:\/\/bachanaliafantastyczne.pl\/index.php\/wp-json\/wp\/v2\/users\/1"}],"replies":[{"embeddable":true,"href":"https:\/\/bachanaliafantastyczne.pl\/index.php\/wp-json\/wp\/v2\/comments?post=1350"}],"version-history":[{"count":7,"href":"https:\/\/bachanaliafantastyczne.pl\/index.php\/wp-json\/wp\/v2\/pages\/1350\/revisions"}],"predecessor-version":[{"id":1671,"href":"https:\/\/bachanaliafantastyczne.pl\/index.php\/wp-json\/wp\/v2\/pages\/1350\/revisions\/1671"}],"wp:attachment":[{"href":"https:\/\/bachanaliafantastyczne.pl\/index.php\/wp-json\/wp\/v2\/media?parent=1350"}],"curies":[{"name":"wp","href":"https:\/\/api.w.org\/{rel}","templated":true}]}}